{"id":445,"date":"2021-10-18T09:18:34","date_gmt":"2021-10-18T09:18:34","guid":{"rendered":"https:\/\/misericordiadeseia.pt\/social\/?page_id=445"},"modified":"2021-10-18T11:25:02","modified_gmt":"2021-10-18T11:25:02","slug":"sinalizacao","status":"publish","type":"page","link":"https:\/\/misericordiadeseia.pt\/social\/sinalizacao\/","title":{"rendered":"Sinaliza\u00e7\u00e3o"},"content":{"rendered":"\t\t<div data-elementor-type=\"wp-page\" data-elementor-id=\"445\" class=\"elementor elementor-445\" data-elementor-post-type=\"page\">\n\t\t\t\t\t\t<section class=\"elementor-section elementor-top-section elementor-element elementor-element-7228341 elementor-section-boxed elementor-section-height-default elementor-section-height-default\" data-id=\"7228341\" data-element_type=\"section\">\n\t\t\t\t\t\t<div class=\"elementor-container elementor-column-gap-default\">\n\t\t\t\t\t<div class=\"elementor-column elementor-col-100 elementor-top-column elementor-element elementor-element-a7dca77\" data-id=\"a7dca77\" data-element_type=\"column\">\n\t\t\t<div class=\"elementor-widget-wrap elementor-element-populated\">\n\t\t\t\t\t\t<div class=\"elementor-element elementor-element-2e6a174 elementor-widget elementor-widget-spacer\" data-id=\"2e6a174\" data-element_type=\"widget\" data-widget_type=\"spacer.default\">\n\t\t\t\t<div class=\"elementor-widget-container\">\n\t\t\t\t\t\t\t<div class=\"elementor-spacer\">\n\t\t\t<div class=\"elementor-spacer-inner\"><\/div>\n\t\t<\/div>\n\t\t\t\t\t\t<\/div>\n\t\t\t\t<\/div>\n\t\t\t\t\t<\/div>\n\t\t<\/div>\n\t\t\t\t\t<\/div>\n\t\t<\/section>\n\t\t\t\t<section class=\"elementor-section elementor-top-section elementor-element elementor-element-0e2877d elementor-section-boxed elementor-section-height-default elementor-section-height-default\" data-id=\"0e2877d\" data-element_type=\"section\">\n\t\t\t\t\t\t<div class=\"elementor-container elementor-column-gap-default\">\n\t\t\t\t\t<div class=\"elementor-column elementor-col-100 elementor-top-column elementor-element elementor-element-4b695b0\" data-id=\"4b695b0\" data-element_type=\"column\">\n\t\t\t<div class=\"elementor-widget-wrap elementor-element-populated\">\n\t\t\t\t\t\t<div class=\"elementor-element elementor-element-5f6d3f8 elementor-widget elementor-widget-heading\" data-id=\"5f6d3f8\" data-element_type=\"widget\" data-widget_type=\"heading.default\">\n\t\t\t\t<div class=\"elementor-widget-container\">\n\t\t\t\t\t<h2 class=\"elementor-heading-title elementor-size-default\">Pr\u00e9 Sinaliza\u00e7\u00e3o<\/h2>\t\t\t\t<\/div>\n\t\t\t\t<\/div>\n\t\t\t\t<div class=\"elementor-element elementor-element-cd78bf1 elementor-widget elementor-widget-text-editor\" data-id=\"cd78bf1\" data-element_type=\"widget\" data-widget_type=\"text-editor.default\">\n\t\t\t\t<div class=\"elementor-widget-container\">\n\t\t\t\t\t\t\t\t\t<p>Iremos contact\u00e1-lo o mais breve poss\u00edvel.<\/p>\t\t\t\t\t\t\t\t<\/div>\n\t\t\t\t<\/div>\n\t\t\t\t\t<\/div>\n\t\t<\/div>\n\t\t\t\t\t<\/div>\n\t\t<\/section>\n\t\t\t\t<section class=\"elementor-section elementor-top-section elementor-element elementor-element-21578d0 elementor-section-boxed elementor-section-height-default elementor-section-height-default\" data-id=\"21578d0\" data-element_type=\"section\">\n\t\t\t\t\t\t<div class=\"elementor-container elementor-column-gap-wider\">\n\t\t\t\t\t<div class=\"elementor-column elementor-col-100 elementor-top-column elementor-element elementor-element-d689b73\" data-id=\"d689b73\" data-element_type=\"column\">\n\t\t\t<div class=\"elementor-widget-wrap elementor-element-populated\">\n\t\t\t\t\t\t<div class=\"elementor-element elementor-element-34cb3e6 eael-contact-form-7-button-align-left eael-contact-form-7-button-custom elementor-widget elementor-widget-eael-contact-form-7\" data-id=\"34cb3e6\" data-element_type=\"widget\" data-widget_type=\"eael-contact-form-7.default\">\n\t\t\t\t<div class=\"elementor-widget-container\">\n\t\t\t\t\t<div class=\"eael-contact-form-7-wrapper\">\n                <div class=\"eael-contact-form eael-contact-form-7 eael-contact-form-34cb3e6 placeholder-show eael-contact-form-align-default\">\n<div class=\"wpcf7 no-js\" id=\"wpcf7-f444-o1\" lang=\"pt-PT\" dir=\"ltr\" data-wpcf7-id=\"444\">\n<div class=\"screen-reader-response\"><p role=\"status\" aria-live=\"polite\" aria-atomic=\"true\"><\/p> <ul><\/ul><\/div>\n<form action=\"\/social\/wp-json\/wp\/v2\/pages\/445?doing_wp_cron=1776438897.7822940349578857421875#wpcf7-f444-o1\" method=\"post\" class=\"wpcf7-form init\" aria-label=\"Formul\u00e1rio de contacto\" novalidate=\"novalidate\" data-status=\"init\">\n<fieldset class=\"hidden-fields-container\"><input type=\"hidden\" name=\"_wpcf7\" value=\"444\" \/><input type=\"hidden\" name=\"_wpcf7_version\" value=\"6.1.5\" \/><input type=\"hidden\" name=\"_wpcf7_locale\" value=\"pt_PT\" \/><input type=\"hidden\" name=\"_wpcf7_unit_tag\" value=\"wpcf7-f444-o1\" \/><input type=\"hidden\" name=\"_wpcf7_container_post\" value=\"0\" \/><input type=\"hidden\" name=\"_wpcf7_posted_data_hash\" value=\"\" \/><input type=\"hidden\" name=\"_wpcf7_recaptcha_response\" value=\"\" \/>\n<\/fieldset>\n<div class=\"one-half\">\n\t<p><label> Nome *<br \/>\n<span class=\"wpcf7-form-control-wrap\" data-name=\"y-nome\"><input size=\"40\" maxlength=\"400\" class=\"wpcf7-form-control wpcf7-text wpcf7-validates-as-required\" aria-required=\"true\" aria-invalid=\"false\" value=\"\" type=\"text\" name=\"y-nome\" \/><\/span> <\/label>\n\t<\/p>\n<\/div>\n<div class=\"one-half last\">\n\t<p><label> Email *<br \/>\n<span class=\"wpcf7-form-control-wrap\" data-name=\"y-email\"><input size=\"40\" maxlength=\"400\" class=\"wpcf7-form-control wpcf7-email wpcf7-validates-as-required wpcf7-text wpcf7-validates-as-email\" aria-required=\"true\" aria-invalid=\"false\" value=\"\" type=\"email\" name=\"y-email\" \/><\/span> <\/label>\n\t<\/p>\n<\/div>\n<div class=\"one-half\">\n\t<p><label> Contacto Telef\u00f3nico *<br \/>\n<span class=\"wpcf7-form-control-wrap\" data-name=\"y-tlf\"><input size=\"40\" maxlength=\"400\" class=\"wpcf7-form-control wpcf7-tel wpcf7-validates-as-required wpcf7-text wpcf7-validates-as-tel\" aria-required=\"true\" aria-invalid=\"false\" value=\"\" type=\"tel\" name=\"y-tlf\" \/><\/span> <\/label>\n\t<\/p>\n<\/div>\n<div class=\"one-half last\">\n\t<p><label> Data de Nascimento<br \/>\n<span class=\"wpcf7-form-control-wrap\" data-name=\"y-data\"><input class=\"wpcf7-form-control wpcf7-date wpcf7-validates-as-date\" aria-invalid=\"false\" value=\"\" type=\"date\" name=\"y-data\" \/><\/span> <\/label>\n\t<\/p>\n<\/div>\n<div class=\"one-half\">\n\t<p><label> Naturalidade<br \/>\n<span class=\"wpcf7-form-control-wrap\" data-name=\"y-naturalidade\"><input size=\"40\" maxlength=\"400\" class=\"wpcf7-form-control wpcf7-text\" aria-invalid=\"false\" value=\"\" type=\"text\" name=\"y-naturalidade\" \/><\/span> <\/label>\n\t<\/p>\n<\/div>\n<div class=\"one-half last\">\n\t<p><label> Profiss\u00e3o<br \/>\n<span class=\"wpcf7-form-control-wrap\" data-name=\"y-profissao\"><input size=\"40\" maxlength=\"400\" class=\"wpcf7-form-control wpcf7-text\" aria-invalid=\"false\" value=\"\" type=\"text\" name=\"y-profissao\" \/><\/span> <\/label>\n\t<\/p>\n<\/div>\n<div class=\"one-half\">\n\t<p><label> Situa\u00e7\u00e3o Profissional<br \/>\n<span class=\"wpcf7-form-control-wrap\" data-name=\"y-profissional\"><select class=\"wpcf7-form-control wpcf7-select\" aria-invalid=\"false\" name=\"y-profissional\"><option value=\"Empregado\">Empregado<\/option><option value=\"Desempregado\">Desempregado<\/option><\/select><\/span> <\/label>\n\t<\/p>\n<\/div>\n<div class=\"one-half last\">\n\t<p><label> Agregado Familiar<br \/>\n<span class=\"wpcf7-form-control-wrap\" data-name=\"y-agregado\"><input size=\"40\" maxlength=\"400\" class=\"wpcf7-form-control wpcf7-text\" aria-invalid=\"false\" value=\"\" type=\"text\" name=\"y-agregado\" \/><\/span> <\/label>\n\t<\/p>\n<\/div>\n<p><label> Breve Descri\u00e7\u00e3o da Situa\u00e7\u00e3o<br \/>\n<span class=\"wpcf7-form-control-wrap\" data-name=\"your-subject\"><textarea cols=\"40\" rows=\"10\" maxlength=\"2000\" class=\"wpcf7-form-control wpcf7-textarea wpcf7-validates-as-required\" aria-required=\"true\" aria-invalid=\"false\" name=\"your-subject\"><\/textarea><\/span> <\/label>\n<\/p>\n<p><span class=\"wpcf7-form-control-wrap\" data-name=\"acceptance-238\"><span class=\"wpcf7-form-control wpcf7-acceptance\"><span class=\"wpcf7-list-item\"><label><input type=\"checkbox\" name=\"acceptance-238\" value=\"1\" aria-invalid=\"false\" \/><span class=\"wpcf7-list-item-label\">Li e aceito a <a href=\"politica-privacidade\" target=\"_blank\">Pol\u00edtica de Privacidade<\/a><\/span><\/label><\/span><\/span><\/span>\n<\/p>\n<p><small>* Campos Obrigat\u00f3rios<\/small>\n<\/p>\n<p><input class=\"wpcf7-form-control wpcf7-submit has-spinner\" type=\"submit\" value=\"Enviar Mensagem\" \/>\n<\/p><div class=\"wpcf7-response-output\" aria-hidden=\"true\"><\/div>\n<\/form>\n<\/div>\n<\/div>\n            <\/div>\t\t\t\t<\/div>\n\t\t\t\t<\/div>\n\t\t\t\t\t<\/div>\n\t\t<\/div>\n\t\t\t\t\t<\/div>\n\t\t<\/section>\n\t\t\t\t<section class=\"elementor-section elementor-top-section elementor-element elementor-element-41467de elementor-section-boxed elementor-section-height-default elementor-section-height-default\" data-id=\"41467de\" data-element_type=\"section\">\n\t\t\t\t\t\t<div class=\"elementor-container elementor-column-gap-default\">\n\t\t\t\t\t<div class=\"elementor-column elementor-col-100 elementor-top-column elementor-element elementor-element-0c5bfd5\" data-id=\"0c5bfd5\" data-element_type=\"column\">\n\t\t\t<div class=\"elementor-widget-wrap elementor-element-populated\">\n\t\t\t\t\t\t<div class=\"elementor-element elementor-element-e69bff5 elementor-widget elementor-widget-spacer\" data-id=\"e69bff5\" data-element_type=\"widget\" data-widget_type=\"spacer.default\">\n\t\t\t\t<div class=\"elementor-widget-container\">\n\t\t\t\t\t\t\t<div class=\"elementor-spacer\">\n\t\t\t<div class=\"elementor-spacer-inner\"><\/div>\n\t\t<\/div>\n\t\t\t\t\t\t<\/div>\n\t\t\t\t<\/div>\n\t\t\t\t\t<\/div>\n\t\t<\/div>\n\t\t\t\t\t<\/div>\n\t\t<\/section>\n\t\t\t\t<\/div>\n\t\t","protected":false},"excerpt":{"rendered":"<p>Pr\u00e9 Sinaliza\u00e7\u00e3o Iremos contact\u00e1-lo o mais breve poss\u00edvel. Nome Email Contacto Telef\u00f3nico Data de Nascimento Naturalidade Profiss\u00e3o Situa\u00e7\u00e3o Profissional EmpregadoDesempregado Agregado familiar Li e aceito a Pol\u00edtica de Privacidade * Campos Obrigat\u00f3rios<\/p>\n","protected":false},"author":3,"featured_media":0,"parent":0,"menu_order":0,"comment_status":"closed","ping_status":"closed","template":"elementor_header_footer","meta":{"footnotes":""},"class_list":["post-445","page","type-page","status-publish","hentry"],"yoast_head":"<!-- This site is optimized with the Yoast SEO plugin v27.4 - https:\/\/yoast.com\/product\/yoast-seo-wordpress\/ -->\n<title>Sinaliza\u00e7\u00e3o - Miseric\u00f3rdia de Seia - Social<\/title>\n<meta name=\"robots\" content=\"index, follow, max-snippet:-1, max-image-preview:large, max-video-preview:-1\" \/>\n<link rel=\"canonical\" href=\"https:\/\/misericordiadeseia.pt\/social\/sinalizacao\/\" \/>\n<meta property=\"og:locale\" content=\"pt_PT\" \/>\n<meta property=\"og:type\" content=\"article\" \/>\n<meta property=\"og:title\" content=\"Sinaliza\u00e7\u00e3o - Miseric\u00f3rdia de Seia - Social\" \/>\n<meta property=\"og:description\" content=\"Pr\u00e9 Sinaliza\u00e7\u00e3o Iremos contact\u00e1-lo o mais breve poss\u00edvel. Nome Email Contacto Telef\u00f3nico Data de Nascimento Naturalidade Profiss\u00e3o Situa\u00e7\u00e3o Profissional EmpregadoDesempregado Agregado familiar Li e aceito a Pol\u00edtica de Privacidade * Campos Obrigat\u00f3rios\" \/>\n<meta property=\"og:url\" content=\"https:\/\/misericordiadeseia.pt\/social\/sinalizacao\/\" \/>\n<meta property=\"og:site_name\" content=\"Miseric\u00f3rdia de Seia - Social\" \/>\n<meta property=\"article:modified_time\" content=\"2021-10-18T11:25:02+00:00\" \/>\n<meta name=\"twitter:card\" content=\"summary_large_image\" \/>\n<script type=\"application\/ld+json\" class=\"yoast-schema-graph\">{\"@context\":\"https:\\\/\\\/schema.org\",\"@graph\":[{\"@type\":\"WebPage\",\"@id\":\"https:\\\/\\\/misericordiadeseia.pt\\\/social\\\/sinalizacao\\\/\",\"url\":\"https:\\\/\\\/misericordiadeseia.pt\\\/social\\\/sinalizacao\\\/\",\"name\":\"Sinaliza\u00e7\u00e3o - Miseric\u00f3rdia de Seia - Social\",\"isPartOf\":{\"@id\":\"https:\\\/\\\/misericordiadeseia.pt\\\/social\\\/#website\"},\"datePublished\":\"2021-10-18T09:18:34+00:00\",\"dateModified\":\"2021-10-18T11:25:02+00:00\",\"breadcrumb\":{\"@id\":\"https:\\\/\\\/misericordiadeseia.pt\\\/social\\\/sinalizacao\\\/#breadcrumb\"},\"inLanguage\":\"pt-PT\",\"potentialAction\":[{\"@type\":\"ReadAction\",\"target\":[\"https:\\\/\\\/misericordiadeseia.pt\\\/social\\\/sinalizacao\\\/\"]}]},{\"@type\":\"BreadcrumbList\",\"@id\":\"https:\\\/\\\/misericordiadeseia.pt\\\/social\\\/sinalizacao\\\/#breadcrumb\",\"itemListElement\":[{\"@type\":\"ListItem\",\"position\":1,\"name\":\"In\u00edcio\",\"item\":\"https:\\\/\\\/misericordiadeseia.pt\\\/social\\\/\"},{\"@type\":\"ListItem\",\"position\":2,\"name\":\"Sinaliza\u00e7\u00e3o\"}]},{\"@type\":\"WebSite\",\"@id\":\"https:\\\/\\\/misericordiadeseia.pt\\\/social\\\/#website\",\"url\":\"https:\\\/\\\/misericordiadeseia.pt\\\/social\\\/\",\"name\":\"Miseric\u00f3rdia de Seia - Social\",\"description\":\"De todos. Para todos.\",\"publisher\":{\"@id\":\"https:\\\/\\\/misericordiadeseia.pt\\\/social\\\/#organization\"},\"potentialAction\":[{\"@type\":\"SearchAction\",\"target\":{\"@type\":\"EntryPoint\",\"urlTemplate\":\"https:\\\/\\\/misericordiadeseia.pt\\\/social\\\/?s={search_term_string}\"},\"query-input\":{\"@type\":\"PropertyValueSpecification\",\"valueRequired\":true,\"valueName\":\"search_term_string\"}}],\"inLanguage\":\"pt-PT\"},{\"@type\":\"Organization\",\"@id\":\"https:\\\/\\\/misericordiadeseia.pt\\\/social\\\/#organization\",\"name\":\"Miseric\u00f3rdia de Seia - Social\",\"url\":\"https:\\\/\\\/misericordiadeseia.pt\\\/social\\\/\",\"logo\":{\"@type\":\"ImageObject\",\"inLanguage\":\"pt-PT\",\"@id\":\"https:\\\/\\\/misericordiadeseia.pt\\\/social\\\/#\\\/schema\\\/logo\\\/image\\\/\",\"url\":\"https:\\\/\\\/misericordiadeseia.pt\\\/social\\\/wp-content\\\/uploads\\\/2021\\\/03\\\/logo-misericordiadeseia.png\",\"contentUrl\":\"https:\\\/\\\/misericordiadeseia.pt\\\/social\\\/wp-content\\\/uploads\\\/2021\\\/03\\\/logo-misericordiadeseia.png\",\"width\":1646,\"height\":445,\"caption\":\"Miseric\u00f3rdia de Seia - Social\"},\"image\":{\"@id\":\"https:\\\/\\\/misericordiadeseia.pt\\\/social\\\/#\\\/schema\\\/logo\\\/image\\\/\"}}]}<\/script>\n<!-- \/ Yoast SEO plugin. -->","yoast_head_json":{"title":"Sinaliza\u00e7\u00e3o - Miseric\u00f3rdia de Seia - Social","robots":{"index":"index","follow":"follow","max-snippet":"max-snippet:-1","max-image-preview":"max-image-preview:large","max-video-preview":"max-video-preview:-1"},"canonical":"https:\/\/misericordiadeseia.pt\/social\/sinalizacao\/","og_locale":"pt_PT","og_type":"article","og_title":"Sinaliza\u00e7\u00e3o - Miseric\u00f3rdia de Seia - Social","og_description":"Pr\u00e9 Sinaliza\u00e7\u00e3o Iremos contact\u00e1-lo o mais breve poss\u00edvel. Nome Email Contacto Telef\u00f3nico Data de Nascimento Naturalidade Profiss\u00e3o Situa\u00e7\u00e3o Profissional EmpregadoDesempregado Agregado familiar Li e aceito a Pol\u00edtica de Privacidade * Campos Obrigat\u00f3rios","og_url":"https:\/\/misericordiadeseia.pt\/social\/sinalizacao\/","og_site_name":"Miseric\u00f3rdia de Seia - Social","article_modified_time":"2021-10-18T11:25:02+00:00","twitter_card":"summary_large_image","schema":{"@context":"https:\/\/schema.org","@graph":[{"@type":"WebPage","@id":"https:\/\/misericordiadeseia.pt\/social\/sinalizacao\/","url":"https:\/\/misericordiadeseia.pt\/social\/sinalizacao\/","name":"Sinaliza\u00e7\u00e3o - Miseric\u00f3rdia de Seia - Social","isPartOf":{"@id":"https:\/\/misericordiadeseia.pt\/social\/#website"},"datePublished":"2021-10-18T09:18:34+00:00","dateModified":"2021-10-18T11:25:02+00:00","breadcrumb":{"@id":"https:\/\/misericordiadeseia.pt\/social\/sinalizacao\/#breadcrumb"},"inLanguage":"pt-PT","potentialAction":[{"@type":"ReadAction","target":["https:\/\/misericordiadeseia.pt\/social\/sinalizacao\/"]}]},{"@type":"BreadcrumbList","@id":"https:\/\/misericordiadeseia.pt\/social\/sinalizacao\/#breadcrumb","itemListElement":[{"@type":"ListItem","position":1,"name":"In\u00edcio","item":"https:\/\/misericordiadeseia.pt\/social\/"},{"@type":"ListItem","position":2,"name":"Sinaliza\u00e7\u00e3o"}]},{"@type":"WebSite","@id":"https:\/\/misericordiadeseia.pt\/social\/#website","url":"https:\/\/misericordiadeseia.pt\/social\/","name":"Miseric\u00f3rdia de Seia - Social","description":"De todos. Para todos.","publisher":{"@id":"https:\/\/misericordiadeseia.pt\/social\/#organization"},"potentialAction":[{"@type":"SearchAction","target":{"@type":"EntryPoint","urlTemplate":"https:\/\/misericordiadeseia.pt\/social\/?s={search_term_string}"},"query-input":{"@type":"PropertyValueSpecification","valueRequired":true,"valueName":"search_term_string"}}],"inLanguage":"pt-PT"},{"@type":"Organization","@id":"https:\/\/misericordiadeseia.pt\/social\/#organization","name":"Miseric\u00f3rdia de Seia - Social","url":"https:\/\/misericordiadeseia.pt\/social\/","logo":{"@type":"ImageObject","inLanguage":"pt-PT","@id":"https:\/\/misericordiadeseia.pt\/social\/#\/schema\/logo\/image\/","url":"https:\/\/misericordiadeseia.pt\/social\/wp-content\/uploads\/2021\/03\/logo-misericordiadeseia.png","contentUrl":"https:\/\/misericordiadeseia.pt\/social\/wp-content\/uploads\/2021\/03\/logo-misericordiadeseia.png","width":1646,"height":445,"caption":"Miseric\u00f3rdia de Seia - Social"},"image":{"@id":"https:\/\/misericordiadeseia.pt\/social\/#\/schema\/logo\/image\/"}}]}},"_links":{"self":[{"href":"https:\/\/misericordiadeseia.pt\/social\/wp-json\/wp\/v2\/pages\/445","targetHints":{"allow":["GET"]}}],"collection":[{"href":"https:\/\/misericordiadeseia.pt\/social\/wp-json\/wp\/v2\/pages"}],"about":[{"href":"https:\/\/misericordiadeseia.pt\/social\/wp-json\/wp\/v2\/types\/page"}],"author":[{"embeddable":true,"href":"https:\/\/misericordiadeseia.pt\/social\/wp-json\/wp\/v2\/users\/3"}],"replies":[{"embeddable":true,"href":"https:\/\/misericordiadeseia.pt\/social\/wp-json\/wp\/v2\/comments?post=445"}],"version-history":[{"count":7,"href":"https:\/\/misericordiadeseia.pt\/social\/wp-json\/wp\/v2\/pages\/445\/revisions"}],"predecessor-version":[{"id":457,"href":"https:\/\/misericordiadeseia.pt\/social\/wp-json\/wp\/v2\/pages\/445\/revisions\/457"}],"wp:attachment":[{"href":"https:\/\/misericordiadeseia.pt\/social\/wp-json\/wp\/v2\/media?parent=445"}],"curies":[{"name":"wp","href":"https:\/\/api.w.org\/{rel}","templated":true}]}}