{"id":39,"date":"2021-05-21T09:45:50","date_gmt":"2021-05-21T09:45:50","guid":{"rendered":"https:\/\/misericordiadeseia.pt\/social\/?page_id=39"},"modified":"2022-12-12T10:07:41","modified_gmt":"2022-12-12T10:07:41","slug":"contactos","status":"publish","type":"page","link":"https:\/\/misericordiadeseia.pt\/social\/contactos\/","title":{"rendered":"Contactos"},"content":{"rendered":"\t\t<div data-elementor-type=\"wp-page\" data-elementor-id=\"39\" class=\"elementor elementor-39\" data-elementor-post-type=\"page\">\n\t\t\t\t\t\t<section class=\"elementor-section elementor-top-section elementor-element elementor-element-7228341 elementor-section-boxed elementor-section-height-default elementor-section-height-default\" data-id=\"7228341\" data-element_type=\"section\">\n\t\t\t\t\t\t<div class=\"elementor-container elementor-column-gap-default\">\n\t\t\t\t\t<div class=\"elementor-column elementor-col-100 elementor-top-column elementor-element elementor-element-a7dca77\" data-id=\"a7dca77\" data-element_type=\"column\">\n\t\t\t<div class=\"elementor-widget-wrap elementor-element-populated\">\n\t\t\t\t\t\t<div class=\"elementor-element elementor-element-2e6a174 elementor-widget elementor-widget-spacer\" data-id=\"2e6a174\" data-element_type=\"widget\" data-widget_type=\"spacer.default\">\n\t\t\t\t<div class=\"elementor-widget-container\">\n\t\t\t\t\t\t\t<div class=\"elementor-spacer\">\n\t\t\t<div class=\"elementor-spacer-inner\"><\/div>\n\t\t<\/div>\n\t\t\t\t\t\t<\/div>\n\t\t\t\t<\/div>\n\t\t\t\t\t<\/div>\n\t\t<\/div>\n\t\t\t\t\t<\/div>\n\t\t<\/section>\n\t\t\t\t<section class=\"elementor-section elementor-top-section elementor-element elementor-element-21578d0 elementor-section-boxed elementor-section-height-default elementor-section-height-default\" data-id=\"21578d0\" data-element_type=\"section\">\n\t\t\t\t\t\t<div class=\"elementor-container elementor-column-gap-wider\">\n\t\t\t\t\t<div class=\"elementor-column elementor-col-50 elementor-top-column elementor-element elementor-element-628977f\" data-id=\"628977f\" data-element_type=\"column\">\n\t\t\t<div class=\"elementor-widget-wrap elementor-element-populated\">\n\t\t\t\t\t\t<div class=\"elementor-element elementor-element-5f6d3f8 elementor-widget elementor-widget-heading\" data-id=\"5f6d3f8\" data-element_type=\"widget\" data-widget_type=\"heading.default\">\n\t\t\t\t<div class=\"elementor-widget-container\">\n\t\t\t\t\t<h2 class=\"elementor-heading-title elementor-size-default\">Contactos<\/h2>\t\t\t\t<\/div>\n\t\t\t\t<\/div>\n\t\t\t\t<div class=\"elementor-element elementor-element-cd78bf1 elementor-widget elementor-widget-text-editor\" data-id=\"cd78bf1\" data-element_type=\"widget\" data-widget_type=\"text-editor.default\">\n\t\t\t\t<div class=\"elementor-widget-container\">\n\t\t\t\t\t\t\t\t\t<p>Se tiver alguma d\u00favida, n\u00e3o hesite em enviar-nos uma mensagem.\u00a0<\/p>\t\t\t\t\t\t\t\t<\/div>\n\t\t\t\t<\/div>\n\t\t\t\t<div class=\"elementor-element elementor-element-9f9ba46 elementor-icon-list--layout-traditional elementor-list-item-link-full_width elementor-widget elementor-widget-icon-list\" data-id=\"9f9ba46\" data-element_type=\"widget\" data-widget_type=\"icon-list.default\">\n\t\t\t\t<div class=\"elementor-widget-container\">\n\t\t\t\t\t\t\t<ul class=\"elementor-icon-list-items\">\n\t\t\t\t\t\t\t<li class=\"elementor-icon-list-item\">\n\t\t\t\t\t\t\t\t\t\t<span class=\"elementor-icon-list-text\">Gabinete Social<\/span>\n\t\t\t\t\t\t\t\t\t<\/li>\n\t\t\t\t\t\t\t\t<li class=\"elementor-icon-list-item\">\n\t\t\t\t\t\t\t\t\t\t\t<a href=\"https:\/\/www.google.pt\/maps\/place\/ERPI+da+Santa+Casa+da+Miseric%C3%B3rdia+de+Seia\/@40.4243338,-7.7396728,17z\/data=!4m9!1m2!2m1!1sRua+Nossa+Senhora+da+Concei%C3%A7%C3%A3o,+6270-211-+Folgosa+do+Salvador!3m5!1s0xd3cd56e23aa8f1f:0xb0e8142e4f5e8acc!8m2!3d40.4236064!4d-7.7370734!15sCj9SdWEgTm9zc2EgU2VuaG9yYSBkYSBDb25jZWnDp8OjbywgNjI3MC0yMTEtIEZvbGdvc2EgZG8gU2FsdmFkb3KSAQ9yZXRpcmVtZW50X2hvbWU\">\n\n\t\t\t\t\t\t\t\t\t\t\t\t<span class=\"elementor-icon-list-icon\">\n\t\t\t\t\t\t\t<i aria-hidden=\"true\" class=\"fas fa-map-pin\"><\/i>\t\t\t\t\t\t<\/span>\n\t\t\t\t\t\t\t\t\t\t<span class=\"elementor-icon-list-text\">R. da Creche da Miseric\u00f3rdia, 6270-459 Seia<\/span>\n\t\t\t\t\t\t\t\t\t\t\t<\/a>\n\t\t\t\t\t\t\t\t\t<\/li>\n\t\t\t\t\t\t\t\t<li class=\"elementor-icon-list-item\">\n\t\t\t\t\t\t\t\t\t\t\t<a href=\"tel:+351238313193\">\n\n\t\t\t\t\t\t\t\t\t\t\t\t<span class=\"elementor-icon-list-icon\">\n\t\t\t\t\t\t\t<i aria-hidden=\"true\" class=\"fas fa-phone-volume\"><\/i>\t\t\t\t\t\t<\/span>\n\t\t\t\t\t\t\t\t\t\t<span class=\"elementor-icon-list-text\">+351 238 310 080 *<\/span>\n\t\t\t\t\t\t\t\t\t\t\t<\/a>\n\t\t\t\t\t\t\t\t\t<\/li>\n\t\t\t\t\t\t\t\t<li class=\"elementor-icon-list-item\">\n\t\t\t\t\t\t\t\t\t\t\t<a href=\"mailto:social@misericordiadeseia.pt\">\n\n\t\t\t\t\t\t\t\t\t\t\t\t<span class=\"elementor-icon-list-icon\">\n\t\t\t\t\t\t\t<i aria-hidden=\"true\" class=\"far fa-envelope-open\"><\/i>\t\t\t\t\t\t<\/span>\n\t\t\t\t\t\t\t\t\t\t<span class=\"elementor-icon-list-text\">social@misericordiadeseia.pt<\/span>\n\t\t\t\t\t\t\t\t\t\t\t<\/a>\n\t\t\t\t\t\t\t\t\t<\/li>\n\t\t\t\t\t\t<\/ul>\n\t\t\t\t\t\t<\/div>\n\t\t\t\t<\/div>\n\t\t\t\t<div class=\"elementor-element elementor-element-02cbfa1 elementor-widget elementor-widget-heading\" data-id=\"02cbfa1\" data-element_type=\"widget\" data-widget_type=\"heading.default\">\n\t\t\t\t<div class=\"elementor-widget-container\">\n\t\t\t\t\t<span class=\"elementor-heading-title elementor-size-default\">* Chamada para a rede fixa nacional<\/span>\t\t\t\t<\/div>\n\t\t\t\t<\/div>\n\t\t\t\t<div class=\"elementor-element elementor-element-9126990 elementor-shape-circle e-grid-align-left e-grid-align-tablet-center elementor-grid-0 elementor-widget elementor-widget-social-icons\" data-id=\"9126990\" data-element_type=\"widget\" data-widget_type=\"social-icons.default\">\n\t\t\t\t<div class=\"elementor-widget-container\">\n\t\t\t\t\t\t\t<div class=\"elementor-social-icons-wrapper elementor-grid\">\n\t\t\t\t\t\t\t<span class=\"elementor-grid-item\">\n\t\t\t\t\t<a class=\"elementor-icon elementor-social-icon elementor-social-icon-facebook elementor-repeater-item-7d8794b\" href=\"https:\/\/www.facebook.com\/misericordiadeseia\/\" target=\"_blank\">\n\t\t\t\t\t\t<span class=\"elementor-screen-only\">Facebook<\/span>\n\t\t\t\t\t\t<i class=\"fab fa-facebook\"><\/i>\t\t\t\t\t<\/a>\n\t\t\t\t<\/span>\n\t\t\t\t\t\t\t<span class=\"elementor-grid-item\">\n\t\t\t\t\t<a class=\"elementor-icon elementor-social-icon elementor-social-icon-linkedin elementor-repeater-item-2c83c18\" href=\"https:\/\/www.linkedin.com\/company\/scmseia\/\" target=\"_blank\">\n\t\t\t\t\t\t<span class=\"elementor-screen-only\">Linkedin<\/span>\n\t\t\t\t\t\t<i class=\"fab fa-linkedin\"><\/i>\t\t\t\t\t<\/a>\n\t\t\t\t<\/span>\n\t\t\t\t\t\t\t<span class=\"elementor-grid-item\">\n\t\t\t\t\t<a class=\"elementor-icon elementor-social-icon elementor-social-icon-instagram elementor-repeater-item-e6c4456\" href=\"https:\/\/www.instagram.com\/misericordiadeseia\/\" target=\"_blank\">\n\t\t\t\t\t\t<span class=\"elementor-screen-only\">Instagram<\/span>\n\t\t\t\t\t\t<i class=\"fab fa-instagram\"><\/i>\t\t\t\t\t<\/a>\n\t\t\t\t<\/span>\n\t\t\t\t\t<\/div>\n\t\t\t\t\t\t<\/div>\n\t\t\t\t<\/div>\n\t\t\t\t<div class=\"elementor-element elementor-element-d7c7130 elementor-widget elementor-widget-image\" data-id=\"d7c7130\" data-element_type=\"widget\" data-widget_type=\"image.default\">\n\t\t\t\t<div class=\"elementor-widget-container\">\n\t\t\t\t\t\t\t\t\t\t\t\t\t\t\t<img decoding=\"async\" src=\"https:\/\/misericordiadeseia.pt\/sad\/wp-content\/uploads\/2021\/07\/icone-512x512-1.png\" title=\"\" alt=\"\" loading=\"lazy\" \/>\t\t\t\t\t\t\t\t\t\t\t\t\t\t\t<\/div>\n\t\t\t\t<\/div>\n\t\t\t\t\t<\/div>\n\t\t<\/div>\n\t\t\t\t<div class=\"elementor-column elementor-col-50 elementor-top-column elementor-element elementor-element-d689b73\" data-id=\"d689b73\" data-element_type=\"column\">\n\t\t\t<div class=\"elementor-widget-wrap elementor-element-populated\">\n\t\t\t\t\t\t<div class=\"elementor-element elementor-element-34cb3e6 eael-contact-form-7-button-align-left eael-contact-form-7-button-custom elementor-widget elementor-widget-eael-contact-form-7\" data-id=\"34cb3e6\" data-element_type=\"widget\" data-widget_type=\"eael-contact-form-7.default\">\n\t\t\t\t<div class=\"elementor-widget-container\">\n\t\t\t\t\t<div class=\"eael-contact-form-7-wrapper\">\n                <div class=\"eael-contact-form eael-contact-form-7 eael-contact-form-34cb3e6 placeholder-show eael-contact-form-align-default\">\n<div class=\"wpcf7 no-js\" id=\"wpcf7-f5-o1\" lang=\"pt-PT\" dir=\"ltr\" data-wpcf7-id=\"5\">\n<div class=\"screen-reader-response\"><p role=\"status\" aria-live=\"polite\" aria-atomic=\"true\"><\/p> <ul><\/ul><\/div>\n<form action=\"\/social\/wp-json\/wp\/v2\/pages\/39?doing_wp_cron=1776773159.0161209106445312500000#wpcf7-f5-o1\" method=\"post\" class=\"wpcf7-form init\" aria-label=\"Formul\u00e1rio de contacto\" novalidate=\"novalidate\" data-status=\"init\">\n<fieldset class=\"hidden-fields-container\"><input type=\"hidden\" name=\"_wpcf7\" value=\"5\" \/><input type=\"hidden\" name=\"_wpcf7_version\" value=\"6.1.5\" \/><input type=\"hidden\" name=\"_wpcf7_locale\" value=\"pt_PT\" \/><input type=\"hidden\" name=\"_wpcf7_unit_tag\" value=\"wpcf7-f5-o1\" \/><input type=\"hidden\" name=\"_wpcf7_container_post\" value=\"0\" \/><input type=\"hidden\" name=\"_wpcf7_posted_data_hash\" value=\"\" \/><input type=\"hidden\" name=\"_wpcf7_recaptcha_response\" value=\"\" \/>\n<\/fieldset>\n<p><label> Nome*<br \/>\n<span class=\"wpcf7-form-control-wrap\" data-name=\"your-name\"><input size=\"40\" maxlength=\"400\" class=\"wpcf7-form-control wpcf7-text wpcf7-validates-as-required\" aria-required=\"true\" aria-invalid=\"false\" value=\"\" type=\"text\" name=\"your-name\" \/><\/span> <\/label>\n<\/p>\n<p><label> Email*<br \/>\n<span class=\"wpcf7-form-control-wrap\" data-name=\"your-email\"><input size=\"40\" maxlength=\"400\" class=\"wpcf7-form-control wpcf7-email wpcf7-validates-as-required wpcf7-text wpcf7-validates-as-email\" aria-required=\"true\" aria-invalid=\"false\" value=\"\" type=\"email\" name=\"your-email\" \/><\/span> <\/label>\n<\/p>\n<p><label> Assunto<br \/>\n<span class=\"wpcf7-form-control-wrap\" data-name=\"your-subject\"><input size=\"40\" maxlength=\"400\" class=\"wpcf7-form-control wpcf7-text\" aria-invalid=\"false\" value=\"\" type=\"text\" name=\"your-subject\" \/><\/span> <\/label>\n<\/p>\n<p><label> Mensagem<br \/>\n<span class=\"wpcf7-form-control-wrap\" data-name=\"your-message\"><textarea cols=\"40\" rows=\"10\" maxlength=\"2000\" class=\"wpcf7-form-control wpcf7-textarea\" aria-invalid=\"false\" name=\"your-message\"><\/textarea><\/span> <\/label>\n<\/p>\n<p><span class=\"wpcf7-form-control-wrap\" data-name=\"acceptance-238\"><span class=\"wpcf7-form-control wpcf7-acceptance\"><span class=\"wpcf7-list-item\"><label><input type=\"checkbox\" name=\"acceptance-238\" value=\"1\" aria-invalid=\"false\" \/><span class=\"wpcf7-list-item-label\">Li e aceito a <a href=\"politica-privacidade\" target=\"_blank\">Pol\u00edtica de Privacidade<\/a><\/span><\/label><\/span><\/span><\/span>\n<\/p>\n<p><small>* Campos Obrigat\u00f3rios<\/small>\n<\/p>\n<p><input class=\"wpcf7-form-control wpcf7-submit has-spinner\" type=\"submit\" value=\"Enviar Mensagem\" \/>\n<\/p><div class=\"wpcf7-response-output\" aria-hidden=\"true\"><\/div>\n<\/form>\n<\/div>\n<\/div>\n            <\/div>\t\t\t\t<\/div>\n\t\t\t\t<\/div>\n\t\t\t\t\t<\/div>\n\t\t<\/div>\n\t\t\t\t\t<\/div>\n\t\t<\/section>\n\t\t\t\t<section class=\"elementor-section elementor-top-section elementor-element elementor-element-41467de elementor-section-boxed elementor-section-height-default elementor-section-height-default\" data-id=\"41467de\" data-element_type=\"section\">\n\t\t\t\t\t\t<div class=\"elementor-container elementor-column-gap-default\">\n\t\t\t\t\t<div class=\"elementor-column elementor-col-100 elementor-top-column elementor-element elementor-element-0c5bfd5\" data-id=\"0c5bfd5\" data-element_type=\"column\">\n\t\t\t<div class=\"elementor-widget-wrap elementor-element-populated\">\n\t\t\t\t\t\t<div class=\"elementor-element elementor-element-e69bff5 elementor-widget elementor-widget-spacer\" data-id=\"e69bff5\" data-element_type=\"widget\" data-widget_type=\"spacer.default\">\n\t\t\t\t<div class=\"elementor-widget-container\">\n\t\t\t\t\t\t\t<div class=\"elementor-spacer\">\n\t\t\t<div class=\"elementor-spacer-inner\"><\/div>\n\t\t<\/div>\n\t\t\t\t\t\t<\/div>\n\t\t\t\t<\/div>\n\t\t\t\t\t<\/div>\n\t\t<\/div>\n\t\t\t\t\t<\/div>\n\t\t<\/section>\n\t\t\t\t<section class=\"elementor-section elementor-top-section elementor-element elementor-element-6adb94b elementor-section-full_width elementor-section-height-min-height elementor-section-height-default elementor-section-items-middle\" data-id=\"6adb94b\" data-element_type=\"section\">\n\t\t\t\t\t\t<div class=\"elementor-container elementor-column-gap-default\">\n\t\t\t\t\t<div class=\"elementor-column elementor-col-100 elementor-top-column elementor-element elementor-element-0eec878\" data-id=\"0eec878\" data-element_type=\"column\">\n\t\t\t<div class=\"elementor-widget-wrap elementor-element-populated\">\n\t\t\t\t\t\t<div class=\"elementor-element elementor-element-863f3fc elementor-widget elementor-widget-google_maps\" data-id=\"863f3fc\" data-element_type=\"widget\" data-widget_type=\"google_maps.default\">\n\t\t\t\t<div class=\"elementor-widget-container\">\n\t\t\t\t\t\t\t<div class=\"elementor-custom-embed\">\n\t\t\t<iframe loading=\"lazy\"\n\t\t\t\t\tsrc=\"https:\/\/maps.google.com\/maps?q=Rua%20da%20Creche%20da%20Miseric%C3%B3rdia%2C%206270-459%20Seia&#038;t=m&#038;z=10&#038;output=embed&#038;iwloc=near\"\n\t\t\t\t\ttitle=\"Rua da Creche da Miseric\u00f3rdia, 6270-459 Seia\"\n\t\t\t\t\taria-label=\"Rua da Creche da Miseric\u00f3rdia, 6270-459 Seia\"\n\t\t\t><\/iframe>\n\t\t<\/div>\n\t\t\t\t\t\t<\/div>\n\t\t\t\t<\/div>\n\t\t\t\t\t<\/div>\n\t\t<\/div>\n\t\t\t\t\t<\/div>\n\t\t<\/section>\n\t\t\t\t<\/div>\n\t\t","protected":false},"excerpt":{"rendered":"<p>Contactos Se tiver alguma d\u00favida, n\u00e3o hesite em enviar-nos uma mensagem.\u00a0 Gabinete Social R. da Creche da Miseric\u00f3rdia, 6270-459 Seia +351 238 310 080 * social@misericordiadeseia.pt * Chamada para a rede fixa nacional Facebook Linkedin Instagram Nome* Email* Assunto Mensagem Li e aceito a Pol\u00edtica de Privacidade * Campos Obrigat\u00f3rios<\/p>\n","protected":false},"author":3,"featured_media":0,"parent":0,"menu_order":0,"comment_status":"closed","ping_status":"closed","template":"elementor_header_footer","meta":{"footnotes":""},"class_list":["post-39","page","type-page","status-publish","hentry"],"yoast_head":"<!-- This site is optimized with the Yoast SEO plugin v27.4 - https:\/\/yoast.com\/product\/yoast-seo-wordpress\/ -->\n<title>Contactos - Miseric\u00f3rdia de Seia - Social<\/title>\n<meta name=\"robots\" content=\"index, follow, max-snippet:-1, max-image-preview:large, max-video-preview:-1\" \/>\n<link rel=\"canonical\" href=\"https:\/\/misericordiadeseia.pt\/social\/contactos\/\" \/>\n<meta property=\"og:locale\" content=\"pt_PT\" \/>\n<meta property=\"og:type\" content=\"article\" \/>\n<meta property=\"og:title\" content=\"Contactos - Miseric\u00f3rdia de Seia - Social\" \/>\n<meta property=\"og:description\" content=\"Contactos Se tiver alguma d\u00favida, n\u00e3o hesite em enviar-nos uma mensagem.\u00a0 Gabinete Social R. da Creche da Miseric\u00f3rdia, 6270-459 Seia +351 238 310 080 * social@misericordiadeseia.pt * Chamada para a rede fixa nacional Facebook Linkedin Instagram Nome* Email* Assunto Mensagem Li e aceito a Pol\u00edtica de Privacidade * Campos Obrigat\u00f3rios\" \/>\n<meta property=\"og:url\" content=\"https:\/\/misericordiadeseia.pt\/social\/contactos\/\" \/>\n<meta property=\"og:site_name\" content=\"Miseric\u00f3rdia de Seia - Social\" \/>\n<meta property=\"article:modified_time\" content=\"2022-12-12T10:07:41+00:00\" \/>\n<meta property=\"og:image\" content=\"https:\/\/misericordiadeseia.pt\/sad\/wp-content\/uploads\/2021\/07\/icone-512x512-1.png\" \/>\n<meta name=\"twitter:card\" content=\"summary_large_image\" \/>\n<meta name=\"twitter:label1\" content=\"Tempo estimado de leitura\" \/>\n\t<meta name=\"twitter:data1\" content=\"1 minuto\" \/>\n<script type=\"application\/ld+json\" class=\"yoast-schema-graph\">{\"@context\":\"https:\\\/\\\/schema.org\",\"@graph\":[{\"@type\":\"WebPage\",\"@id\":\"https:\\\/\\\/misericordiadeseia.pt\\\/social\\\/contactos\\\/\",\"url\":\"https:\\\/\\\/misericordiadeseia.pt\\\/social\\\/contactos\\\/\",\"name\":\"Contactos - Miseric\u00f3rdia de Seia - Social\",\"isPartOf\":{\"@id\":\"https:\\\/\\\/misericordiadeseia.pt\\\/social\\\/#website\"},\"primaryImageOfPage\":{\"@id\":\"https:\\\/\\\/misericordiadeseia.pt\\\/social\\\/contactos\\\/#primaryimage\"},\"image\":{\"@id\":\"https:\\\/\\\/misericordiadeseia.pt\\\/social\\\/contactos\\\/#primaryimage\"},\"thumbnailUrl\":\"https:\\\/\\\/misericordiadeseia.pt\\\/sad\\\/wp-content\\\/uploads\\\/2021\\\/07\\\/icone-512x512-1.png\",\"datePublished\":\"2021-05-21T09:45:50+00:00\",\"dateModified\":\"2022-12-12T10:07:41+00:00\",\"breadcrumb\":{\"@id\":\"https:\\\/\\\/misericordiadeseia.pt\\\/social\\\/contactos\\\/#breadcrumb\"},\"inLanguage\":\"pt-PT\",\"potentialAction\":[{\"@type\":\"ReadAction\",\"target\":[\"https:\\\/\\\/misericordiadeseia.pt\\\/social\\\/contactos\\\/\"]}]},{\"@type\":\"ImageObject\",\"inLanguage\":\"pt-PT\",\"@id\":\"https:\\\/\\\/misericordiadeseia.pt\\\/social\\\/contactos\\\/#primaryimage\",\"url\":\"https:\\\/\\\/misericordiadeseia.pt\\\/sad\\\/wp-content\\\/uploads\\\/2021\\\/07\\\/icone-512x512-1.png\",\"contentUrl\":\"https:\\\/\\\/misericordiadeseia.pt\\\/sad\\\/wp-content\\\/uploads\\\/2021\\\/07\\\/icone-512x512-1.png\"},{\"@type\":\"BreadcrumbList\",\"@id\":\"https:\\\/\\\/misericordiadeseia.pt\\\/social\\\/contactos\\\/#breadcrumb\",\"itemListElement\":[{\"@type\":\"ListItem\",\"position\":1,\"name\":\"In\u00edcio\",\"item\":\"https:\\\/\\\/misericordiadeseia.pt\\\/social\\\/\"},{\"@type\":\"ListItem\",\"position\":2,\"name\":\"Contactos\"}]},{\"@type\":\"WebSite\",\"@id\":\"https:\\\/\\\/misericordiadeseia.pt\\\/social\\\/#website\",\"url\":\"https:\\\/\\\/misericordiadeseia.pt\\\/social\\\/\",\"name\":\"Miseric\u00f3rdia de Seia - Social\",\"description\":\"De todos. Para todos.\",\"publisher\":{\"@id\":\"https:\\\/\\\/misericordiadeseia.pt\\\/social\\\/#organization\"},\"potentialAction\":[{\"@type\":\"SearchAction\",\"target\":{\"@type\":\"EntryPoint\",\"urlTemplate\":\"https:\\\/\\\/misericordiadeseia.pt\\\/social\\\/?s={search_term_string}\"},\"query-input\":{\"@type\":\"PropertyValueSpecification\",\"valueRequired\":true,\"valueName\":\"search_term_string\"}}],\"inLanguage\":\"pt-PT\"},{\"@type\":\"Organization\",\"@id\":\"https:\\\/\\\/misericordiadeseia.pt\\\/social\\\/#organization\",\"name\":\"Miseric\u00f3rdia de Seia - Social\",\"url\":\"https:\\\/\\\/misericordiadeseia.pt\\\/social\\\/\",\"logo\":{\"@type\":\"ImageObject\",\"inLanguage\":\"pt-PT\",\"@id\":\"https:\\\/\\\/misericordiadeseia.pt\\\/social\\\/#\\\/schema\\\/logo\\\/image\\\/\",\"url\":\"https:\\\/\\\/misericordiadeseia.pt\\\/social\\\/wp-content\\\/uploads\\\/2021\\\/03\\\/logo-misericordiadeseia.png\",\"contentUrl\":\"https:\\\/\\\/misericordiadeseia.pt\\\/social\\\/wp-content\\\/uploads\\\/2021\\\/03\\\/logo-misericordiadeseia.png\",\"width\":1646,\"height\":445,\"caption\":\"Miseric\u00f3rdia de Seia - Social\"},\"image\":{\"@id\":\"https:\\\/\\\/misericordiadeseia.pt\\\/social\\\/#\\\/schema\\\/logo\\\/image\\\/\"}}]}<\/script>\n<!-- \/ Yoast SEO plugin. -->","yoast_head_json":{"title":"Contactos - Miseric\u00f3rdia de Seia - Social","robots":{"index":"index","follow":"follow","max-snippet":"max-snippet:-1","max-image-preview":"max-image-preview:large","max-video-preview":"max-video-preview:-1"},"canonical":"https:\/\/misericordiadeseia.pt\/social\/contactos\/","og_locale":"pt_PT","og_type":"article","og_title":"Contactos - Miseric\u00f3rdia de Seia - Social","og_description":"Contactos Se tiver alguma d\u00favida, n\u00e3o hesite em enviar-nos uma mensagem.\u00a0 Gabinete Social R. da Creche da Miseric\u00f3rdia, 6270-459 Seia +351 238 310 080 * social@misericordiadeseia.pt * Chamada para a rede fixa nacional Facebook Linkedin Instagram Nome* Email* Assunto Mensagem Li e aceito a Pol\u00edtica de Privacidade * Campos Obrigat\u00f3rios","og_url":"https:\/\/misericordiadeseia.pt\/social\/contactos\/","og_site_name":"Miseric\u00f3rdia de Seia - Social","article_modified_time":"2022-12-12T10:07:41+00:00","og_image":[{"url":"https:\/\/misericordiadeseia.pt\/sad\/wp-content\/uploads\/2021\/07\/icone-512x512-1.png","type":"","width":"","height":""}],"twitter_card":"summary_large_image","twitter_misc":{"Tempo estimado de leitura":"1 minuto"},"schema":{"@context":"https:\/\/schema.org","@graph":[{"@type":"WebPage","@id":"https:\/\/misericordiadeseia.pt\/social\/contactos\/","url":"https:\/\/misericordiadeseia.pt\/social\/contactos\/","name":"Contactos - Miseric\u00f3rdia de Seia - Social","isPartOf":{"@id":"https:\/\/misericordiadeseia.pt\/social\/#website"},"primaryImageOfPage":{"@id":"https:\/\/misericordiadeseia.pt\/social\/contactos\/#primaryimage"},"image":{"@id":"https:\/\/misericordiadeseia.pt\/social\/contactos\/#primaryimage"},"thumbnailUrl":"https:\/\/misericordiadeseia.pt\/sad\/wp-content\/uploads\/2021\/07\/icone-512x512-1.png","datePublished":"2021-05-21T09:45:50+00:00","dateModified":"2022-12-12T10:07:41+00:00","breadcrumb":{"@id":"https:\/\/misericordiadeseia.pt\/social\/contactos\/#breadcrumb"},"inLanguage":"pt-PT","potentialAction":[{"@type":"ReadAction","target":["https:\/\/misericordiadeseia.pt\/social\/contactos\/"]}]},{"@type":"ImageObject","inLanguage":"pt-PT","@id":"https:\/\/misericordiadeseia.pt\/social\/contactos\/#primaryimage","url":"https:\/\/misericordiadeseia.pt\/sad\/wp-content\/uploads\/2021\/07\/icone-512x512-1.png","contentUrl":"https:\/\/misericordiadeseia.pt\/sad\/wp-content\/uploads\/2021\/07\/icone-512x512-1.png"},{"@type":"BreadcrumbList","@id":"https:\/\/misericordiadeseia.pt\/social\/contactos\/#breadcrumb","itemListElement":[{"@type":"ListItem","position":1,"name":"In\u00edcio","item":"https:\/\/misericordiadeseia.pt\/social\/"},{"@type":"ListItem","position":2,"name":"Contactos"}]},{"@type":"WebSite","@id":"https:\/\/misericordiadeseia.pt\/social\/#website","url":"https:\/\/misericordiadeseia.pt\/social\/","name":"Miseric\u00f3rdia de Seia - Social","description":"De todos. Para todos.","publisher":{"@id":"https:\/\/misericordiadeseia.pt\/social\/#organization"},"potentialAction":[{"@type":"SearchAction","target":{"@type":"EntryPoint","urlTemplate":"https:\/\/misericordiadeseia.pt\/social\/?s={search_term_string}"},"query-input":{"@type":"PropertyValueSpecification","valueRequired":true,"valueName":"search_term_string"}}],"inLanguage":"pt-PT"},{"@type":"Organization","@id":"https:\/\/misericordiadeseia.pt\/social\/#organization","name":"Miseric\u00f3rdia de Seia - Social","url":"https:\/\/misericordiadeseia.pt\/social\/","logo":{"@type":"ImageObject","inLanguage":"pt-PT","@id":"https:\/\/misericordiadeseia.pt\/social\/#\/schema\/logo\/image\/","url":"https:\/\/misericordiadeseia.pt\/social\/wp-content\/uploads\/2021\/03\/logo-misericordiadeseia.png","contentUrl":"https:\/\/misericordiadeseia.pt\/social\/wp-content\/uploads\/2021\/03\/logo-misericordiadeseia.png","width":1646,"height":445,"caption":"Miseric\u00f3rdia de Seia - Social"},"image":{"@id":"https:\/\/misericordiadeseia.pt\/social\/#\/schema\/logo\/image\/"}}]}},"_links":{"self":[{"href":"https:\/\/misericordiadeseia.pt\/social\/wp-json\/wp\/v2\/pages\/39","targetHints":{"allow":["GET"]}}],"collection":[{"href":"https:\/\/misericordiadeseia.pt\/social\/wp-json\/wp\/v2\/pages"}],"about":[{"href":"https:\/\/misericordiadeseia.pt\/social\/wp-json\/wp\/v2\/types\/page"}],"author":[{"embeddable":true,"href":"https:\/\/misericordiadeseia.pt\/social\/wp-json\/wp\/v2\/users\/3"}],"replies":[{"embeddable":true,"href":"https:\/\/misericordiadeseia.pt\/social\/wp-json\/wp\/v2\/comments?post=39"}],"version-history":[{"count":33,"href":"https:\/\/misericordiadeseia.pt\/social\/wp-json\/wp\/v2\/pages\/39\/revisions"}],"predecessor-version":[{"id":829,"href":"https:\/\/misericordiadeseia.pt\/social\/wp-json\/wp\/v2\/pages\/39\/revisions\/829"}],"wp:attachment":[{"href":"https:\/\/misericordiadeseia.pt\/social\/wp-json\/wp\/v2\/media?parent=39"}],"curies":[{"name":"wp","href":"https:\/\/api.w.org\/{rel}","templated":true}]}}