{"id":59,"date":"2021-07-19T16:20:57","date_gmt":"2021-07-19T16:20:57","guid":{"rendered":"https:\/\/misericordiadeseia.pt\/sad\/?page_id=59"},"modified":"2025-02-20T15:52:25","modified_gmt":"2025-02-20T15:52:25","slug":"contactos","status":"publish","type":"page","link":"https:\/\/misericordiadeseia.pt\/sad\/contactos\/","title":{"rendered":"Contactos"},"content":{"rendered":"\t\t<div data-elementor-type=\"wp-page\" data-elementor-id=\"59\" class=\"elementor elementor-59\" data-elementor-post-type=\"page\">\n\t\t\t\t\t\t<section class=\"elementor-section elementor-top-section elementor-element elementor-element-0698bc4 elementor-section-boxed elementor-section-height-default elementor-section-height-default\" data-id=\"0698bc4\" data-element_type=\"section\" data-settings=\"{&quot;background_background&quot;:&quot;classic&quot;}\">\n\t\t\t\t\t\t<div class=\"elementor-container elementor-column-gap-default\">\n\t\t\t\t\t<div class=\"elementor-column elementor-col-100 elementor-top-column elementor-element elementor-element-19c4096\" data-id=\"19c4096\" data-element_type=\"column\">\n\t\t\t<div class=\"elementor-widget-wrap elementor-element-populated\">\n\t\t\t\t\t\t<div class=\"elementor-element elementor-element-a475cf3 elementor-widget elementor-widget-heading\" data-id=\"a475cf3\" data-element_type=\"widget\" data-widget_type=\"heading.default\">\n\t\t\t\t<div class=\"elementor-widget-container\">\n\t\t\t\t\t<h2 class=\"elementor-heading-title elementor-size-default\">Contacte-nos<\/h2>\t\t\t\t<\/div>\n\t\t\t\t<\/div>\n\t\t\t\t<div class=\"elementor-element elementor-element-f119cc1 elementor-widget-divider--view-line elementor-widget elementor-widget-divider\" data-id=\"f119cc1\" data-element_type=\"widget\" data-widget_type=\"divider.default\">\n\t\t\t\t<div class=\"elementor-widget-container\">\n\t\t\t\t\t\t\t<div class=\"elementor-divider\">\n\t\t\t<span class=\"elementor-divider-separator\">\n\t\t\t\t\t\t<\/span>\n\t\t<\/div>\n\t\t\t\t\t\t<\/div>\n\t\t\t\t<\/div>\n\t\t\t\t\t<\/div>\n\t\t<\/div>\n\t\t\t\t\t<\/div>\n\t\t<\/section>\n\t\t\t\t<section class=\"elementor-section elementor-top-section elementor-element elementor-element-8a66c34 elementor-section-boxed elementor-section-height-default elementor-section-height-default\" data-id=\"8a66c34\" data-element_type=\"section\">\n\t\t\t\t\t\t<div class=\"elementor-container elementor-column-gap-default\">\n\t\t\t\t\t<div class=\"elementor-column elementor-col-100 elementor-top-column elementor-element elementor-element-342ed77\" data-id=\"342ed77\" data-element_type=\"column\">\n\t\t\t<div class=\"elementor-widget-wrap elementor-element-populated\">\n\t\t\t\t\t\t<div class=\"elementor-element elementor-element-0e5bfeb elementor-widget elementor-widget-spacer\" data-id=\"0e5bfeb\" data-element_type=\"widget\" data-widget_type=\"spacer.default\">\n\t\t\t\t<div class=\"elementor-widget-container\">\n\t\t\t\t\t\t\t<div class=\"elementor-spacer\">\n\t\t\t<div class=\"elementor-spacer-inner\"><\/div>\n\t\t<\/div>\n\t\t\t\t\t\t<\/div>\n\t\t\t\t<\/div>\n\t\t\t\t\t<\/div>\n\t\t<\/div>\n\t\t\t\t\t<\/div>\n\t\t<\/section>\n\t\t\t\t<section class=\"elementor-section elementor-top-section elementor-element elementor-element-6d8a6ae elementor-section-boxed elementor-section-height-default elementor-section-height-default\" data-id=\"6d8a6ae\" data-element_type=\"section\">\n\t\t\t\t\t\t<div class=\"elementor-container elementor-column-gap-wider\">\n\t\t\t\t\t<div class=\"elementor-column elementor-col-50 elementor-top-column elementor-element elementor-element-93b499d\" data-id=\"93b499d\" data-element_type=\"column\">\n\t\t\t<div class=\"elementor-widget-wrap elementor-element-populated\">\n\t\t\t\t\t\t<div class=\"elementor-element elementor-element-4676097 elementor-widget elementor-widget-text-editor\" data-id=\"4676097\" data-element_type=\"widget\" data-widget_type=\"text-editor.default\">\n\t\t\t\t<div class=\"elementor-widget-container\">\n\t\t\t\t\t\t\t\t\t<p>Se tiver alguma d\u00favida, n\u00e3o hesite em enviar-nos uma mensagem.\u00a0<\/p>\t\t\t\t\t\t\t\t<\/div>\n\t\t\t\t<\/div>\n\t\t\t\t<div class=\"elementor-element elementor-element-38d096b elementor-icon-list--layout-traditional elementor-list-item-link-full_width elementor-widget elementor-widget-icon-list\" data-id=\"38d096b\" data-element_type=\"widget\" data-widget_type=\"icon-list.default\">\n\t\t\t\t<div class=\"elementor-widget-container\">\n\t\t\t\t\t\t\t<ul class=\"elementor-icon-list-items\">\n\t\t\t\t\t\t\t<li class=\"elementor-icon-list-item\">\n\t\t\t\t\t\t\t\t\t\t<span class=\"elementor-icon-list-text\">Estrutura Residencial para Pessoas Idosas<\/span>\n\t\t\t\t\t\t\t\t\t<\/li>\n\t\t\t\t\t\t\t\t<li class=\"elementor-icon-list-item\">\n\t\t\t\t\t\t\t\t\t\t\t<a href=\"https:\/\/www.google.pt\/maps\/place\/ERPI+da+Santa+Casa+da+Miseric%C3%B3rdia+de+Seia\/@40.4243338,-7.7396728,17z\/data=!4m9!1m2!2m1!1sRua+Nossa+Senhora+da+Concei%C3%A7%C3%A3o,+6270-211-+Folgosa+do+Salvador!3m5!1s0xd3cd56e23aa8f1f:0xb0e8142e4f5e8acc!8m2!3d40.4236064!4d-7.7370734!15sCj9SdWEgTm9zc2EgU2VuaG9yYSBkYSBDb25jZWnDp8OjbywgNjI3MC0yMTEtIEZvbGdvc2EgZG8gU2FsdmFkb3KSAQ9yZXRpcmVtZW50X2hvbWU\">\n\n\t\t\t\t\t\t\t\t\t\t\t\t<span class=\"elementor-icon-list-icon\">\n\t\t\t\t\t\t\t<i aria-hidden=\"true\" class=\"fas fa-map-pin\"><\/i>\t\t\t\t\t\t<\/span>\n\t\t\t\t\t\t\t\t\t\t<span class=\"elementor-icon-list-text\">Rua Nossa Senhora da Concei\u00e7\u00e3o, 6270-211- Folgosa do Salvador<\/span>\n\t\t\t\t\t\t\t\t\t\t\t<\/a>\n\t\t\t\t\t\t\t\t\t<\/li>\n\t\t\t\t\t\t\t\t<li class=\"elementor-icon-list-item\">\n\t\t\t\t\t\t\t\t\t\t\t<a href=\"tel:+351238313193\">\n\n\t\t\t\t\t\t\t\t\t\t\t\t<span class=\"elementor-icon-list-icon\">\n\t\t\t\t\t\t\t<i aria-hidden=\"true\" class=\"fas fa-phone-volume\"><\/i>\t\t\t\t\t\t<\/span>\n\t\t\t\t\t\t\t\t\t\t<span class=\"elementor-icon-list-text\">+351 238 310 080 *<\/span>\n\t\t\t\t\t\t\t\t\t\t\t<\/a>\n\t\t\t\t\t\t\t\t\t<\/li>\n\t\t\t\t\t\t\t\t<li class=\"elementor-icon-list-item\">\n\t\t\t\t\t\t\t\t\t\t\t<a href=\"mailto:sad@misericordiadeseia.pt\">\n\n\t\t\t\t\t\t\t\t\t\t\t\t<span class=\"elementor-icon-list-icon\">\n\t\t\t\t\t\t\t<i aria-hidden=\"true\" class=\"far fa-envelope-open\"><\/i>\t\t\t\t\t\t<\/span>\n\t\t\t\t\t\t\t\t\t\t<span class=\"elementor-icon-list-text\">sad@misericordiadeseia.pt<\/span>\n\t\t\t\t\t\t\t\t\t\t\t<\/a>\n\t\t\t\t\t\t\t\t\t<\/li>\n\t\t\t\t\t\t<\/ul>\n\t\t\t\t\t\t<\/div>\n\t\t\t\t<\/div>\n\t\t\t\t<div class=\"elementor-element elementor-element-98de217 elementor-widget elementor-widget-heading\" data-id=\"98de217\" data-element_type=\"widget\" data-widget_type=\"heading.default\">\n\t\t\t\t<div class=\"elementor-widget-container\">\n\t\t\t\t\t<span class=\"elementor-heading-title elementor-size-default\">* Chamada para a rede fixa nacional<\/span>\t\t\t\t<\/div>\n\t\t\t\t<\/div>\n\t\t\t\t<div class=\"elementor-element elementor-element-af9e5f3 elementor-shape-circle e-grid-align-left e-grid-align-mobile-center elementor-grid-0 elementor-widget elementor-widget-social-icons\" data-id=\"af9e5f3\" data-element_type=\"widget\" data-widget_type=\"social-icons.default\">\n\t\t\t\t<div class=\"elementor-widget-container\">\n\t\t\t\t\t\t\t<div class=\"elementor-social-icons-wrapper elementor-grid\">\n\t\t\t\t\t\t\t<span class=\"elementor-grid-item\">\n\t\t\t\t\t<a class=\"elementor-icon elementor-social-icon elementor-social-icon-facebook elementor-repeater-item-ad81606\" href=\"https:\/\/www.facebook.com\/misericordiadeseia\/\" target=\"_blank\">\n\t\t\t\t\t\t<span class=\"elementor-screen-only\">Facebook<\/span>\n\t\t\t\t\t\t<i class=\"fab fa-facebook\"><\/i>\t\t\t\t\t<\/a>\n\t\t\t\t<\/span>\n\t\t\t\t\t\t\t<span class=\"elementor-grid-item\">\n\t\t\t\t\t<a class=\"elementor-icon elementor-social-icon elementor-social-icon-linkedin elementor-repeater-item-4247a74\" href=\"https:\/\/www.linkedin.com\/company\/scmseia\/\" target=\"_blank\">\n\t\t\t\t\t\t<span class=\"elementor-screen-only\">Linkedin<\/span>\n\t\t\t\t\t\t<i class=\"fab fa-linkedin\"><\/i>\t\t\t\t\t<\/a>\n\t\t\t\t<\/span>\n\t\t\t\t\t\t\t<span class=\"elementor-grid-item\">\n\t\t\t\t\t<a class=\"elementor-icon elementor-social-icon elementor-social-icon-instagram elementor-repeater-item-4129e95\" href=\"https:\/\/www.instagram.com\/misericordiadeseia\/\" target=\"_blank\">\n\t\t\t\t\t\t<span class=\"elementor-screen-only\">Instagram<\/span>\n\t\t\t\t\t\t<i class=\"fab fa-instagram\"><\/i>\t\t\t\t\t<\/a>\n\t\t\t\t<\/span>\n\t\t\t\t\t<\/div>\n\t\t\t\t\t\t<\/div>\n\t\t\t\t<\/div>\n\t\t\t\t<div class=\"elementor-element elementor-element-c1aa0c9 elementor-widget elementor-widget-spacer\" data-id=\"c1aa0c9\" data-element_type=\"widget\" data-widget_type=\"spacer.default\">\n\t\t\t\t<div class=\"elementor-widget-container\">\n\t\t\t\t\t\t\t<div class=\"elementor-spacer\">\n\t\t\t<div class=\"elementor-spacer-inner\"><\/div>\n\t\t<\/div>\n\t\t\t\t\t\t<\/div>\n\t\t\t\t<\/div>\n\t\t\t\t<div class=\"elementor-element elementor-element-c717f8b elementor-widget elementor-widget-image\" data-id=\"c717f8b\" data-element_type=\"widget\" data-widget_type=\"image.default\">\n\t\t\t\t<div class=\"elementor-widget-container\">\n\t\t\t\t\t\t\t\t\t\t\t\t\t\t\t<img fetchpriority=\"high\" decoding=\"async\" width=\"512\" height=\"512\" src=\"https:\/\/misericordiadeseia.pt\/sad\/wp-content\/uploads\/2021\/07\/icone-512x512-1.png\" class=\"attachment-large size-large wp-image-9\" alt=\"\" srcset=\"https:\/\/misericordiadeseia.pt\/sad\/wp-content\/uploads\/2021\/07\/icone-512x512-1.png 512w, https:\/\/misericordiadeseia.pt\/sad\/wp-content\/uploads\/2021\/07\/icone-512x512-1-300x300.png 300w, https:\/\/misericordiadeseia.pt\/sad\/wp-content\/uploads\/2021\/07\/icone-512x512-1-150x150.png 150w\" sizes=\"(max-width: 512px) 100vw, 512px\" \/>\t\t\t\t\t\t\t\t\t\t\t\t\t\t\t<\/div>\n\t\t\t\t<\/div>\n\t\t\t\t\t<\/div>\n\t\t<\/div>\n\t\t\t\t<div class=\"elementor-column elementor-col-50 elementor-top-column elementor-element elementor-element-fa2aec9\" data-id=\"fa2aec9\" data-element_type=\"column\">\n\t\t\t<div class=\"elementor-widget-wrap elementor-element-populated\">\n\t\t\t\t\t\t<div class=\"elementor-element elementor-element-93c8780 scms-form form-light-bg elementor-widget elementor-widget-shortcode\" data-id=\"93c8780\" data-element_type=\"widget\" data-widget_type=\"shortcode.default\">\n\t\t\t\t<div class=\"elementor-widget-container\">\n\t\t\t\t\t\t\t<div class=\"elementor-shortcode\">\n<div class=\"wpcf7 no-js\" id=\"wpcf7-f5-o1\" lang=\"pt-PT\" dir=\"ltr\" data-wpcf7-id=\"5\">\n<div class=\"screen-reader-response\"><p role=\"status\" aria-live=\"polite\" aria-atomic=\"true\"><\/p> <ul><\/ul><\/div>\n<form action=\"\/sad\/wp-json\/wp\/v2\/pages\/59?doing_wp_cron=1777723511.4882810115814208984375#wpcf7-f5-o1\" method=\"post\" class=\"wpcf7-form init\" aria-label=\"Formul\u00e1rio de contacto\" novalidate=\"novalidate\" data-status=\"init\">\n<div style=\"display: none;\">\n<input type=\"hidden\" name=\"_wpcf7\" value=\"5\" \/>\n<input type=\"hidden\" name=\"_wpcf7_version\" value=\"6.0.4\" \/>\n<input type=\"hidden\" name=\"_wpcf7_locale\" value=\"pt_PT\" \/>\n<input type=\"hidden\" name=\"_wpcf7_unit_tag\" value=\"wpcf7-f5-o1\" \/>\n<input type=\"hidden\" name=\"_wpcf7_container_post\" value=\"0\" \/>\n<input type=\"hidden\" name=\"_wpcf7_posted_data_hash\" value=\"\" \/>\n<input type=\"hidden\" name=\"_wpcf7_recaptcha_response\" value=\"\" \/>\n<\/div>\n<div class=\"one-half\">\n\t<p><label> Nome*<br \/>\n<span class=\"wpcf7-form-control-wrap\" data-name=\"your-name\"><input size=\"40\" maxlength=\"400\" class=\"wpcf7-form-control wpcf7-text wpcf7-validates-as-required\" aria-required=\"true\" aria-invalid=\"false\" value=\"\" type=\"text\" name=\"your-name\" \/><\/span> <\/label>\n\t<\/p>\n<\/div>\n<div class=\"one-half last\">\n\t<p><label> Email*<br \/>\n<span class=\"wpcf7-form-control-wrap\" data-name=\"your-email\"><input size=\"40\" maxlength=\"400\" class=\"wpcf7-form-control wpcf7-email wpcf7-validates-as-required wpcf7-text wpcf7-validates-as-email\" aria-required=\"true\" aria-invalid=\"false\" value=\"\" type=\"email\" name=\"your-email\" \/><\/span> <\/label>\n\t<\/p>\n<\/div>\n<div class=\"one-half\">\n\t<p><label> Telefone<br \/>\n<span class=\"wpcf7-form-control-wrap\" data-name=\"your-tel\"><input size=\"40\" maxlength=\"400\" class=\"wpcf7-form-control wpcf7-tel wpcf7-text wpcf7-validates-as-tel\" aria-invalid=\"false\" value=\"\" type=\"tel\" name=\"your-tel\" \/><\/span> <\/label>\n\t<\/p>\n<\/div>\n<div class=\"one-half last\">\n\t<p><label> Localidade<br \/>\n<span class=\"wpcf7-form-control-wrap\" data-name=\"your-local\"><input size=\"40\" maxlength=\"400\" class=\"wpcf7-form-control wpcf7-text\" aria-invalid=\"false\" value=\"\" type=\"text\" name=\"your-local\" \/><\/span> <\/label>\n\t<\/p>\n<\/div>\n<p><label> Mensagem<br \/>\n<span class=\"wpcf7-form-control-wrap\" data-name=\"your-message\"><textarea cols=\"40\" rows=\"10\" maxlength=\"2000\" class=\"wpcf7-form-control wpcf7-textarea\" aria-invalid=\"false\" name=\"your-message\"><\/textarea><\/span> <\/label>\n<\/p>\n<p><span class=\"wpcf7-form-control-wrap\" data-name=\"acceptance-266\"><span class=\"wpcf7-form-control wpcf7-acceptance\"><span class=\"wpcf7-list-item\"><label><input type=\"checkbox\" name=\"acceptance-266\" value=\"1\" aria-invalid=\"false\" \/><span class=\"wpcf7-list-item-label\">Li e aceito a <a href=\"\/politica-privacidade\/\" target=\"_blank\">Pol\u00edtica de Privacidade<\/a><\/span><\/label><\/span><\/span><\/span>\n<\/p>\n<p><small>* Campos Obrigat\u00f3rios<\/small>\n<\/p>\n<p><input class=\"wpcf7-form-control wpcf7-submit has-spinner\" type=\"submit\" value=\"Enviar\" \/>\n<\/p><div class=\"wpcf7-response-output\" aria-hidden=\"true\"><\/div>\n<\/form>\n<\/div>\n<\/div>\n\t\t\t\t\t\t<\/div>\n\t\t\t\t<\/div>\n\t\t\t\t\t<\/div>\n\t\t<\/div>\n\t\t\t\t\t<\/div>\n\t\t<\/section>\n\t\t\t\t<section class=\"elementor-section elementor-top-section elementor-element elementor-element-95b18a4 elementor-section-boxed elementor-section-height-default elementor-section-height-default\" data-id=\"95b18a4\" data-element_type=\"section\">\n\t\t\t\t\t\t<div class=\"elementor-container elementor-column-gap-default\">\n\t\t\t\t\t<div class=\"elementor-column elementor-col-100 elementor-top-column elementor-element elementor-element-760183a\" data-id=\"760183a\" data-element_type=\"column\">\n\t\t\t<div class=\"elementor-widget-wrap elementor-element-populated\">\n\t\t\t\t\t\t<div class=\"elementor-element elementor-element-c943862 elementor-widget elementor-widget-spacer\" data-id=\"c943862\" data-element_type=\"widget\" data-widget_type=\"spacer.default\">\n\t\t\t\t<div class=\"elementor-widget-container\">\n\t\t\t\t\t\t\t<div class=\"elementor-spacer\">\n\t\t\t<div class=\"elementor-spacer-inner\"><\/div>\n\t\t<\/div>\n\t\t\t\t\t\t<\/div>\n\t\t\t\t<\/div>\n\t\t\t\t\t<\/div>\n\t\t<\/div>\n\t\t\t\t\t<\/div>\n\t\t<\/section>\n\t\t\t\t<section class=\"elementor-section elementor-top-section elementor-element elementor-element-4e300fc elementor-section-full_width elementor-section-height-default elementor-section-height-default\" data-id=\"4e300fc\" data-element_type=\"section\">\n\t\t\t\t\t\t<div class=\"elementor-container elementor-column-gap-default\">\n\t\t\t\t\t<div class=\"elementor-column elementor-col-100 elementor-top-column elementor-element elementor-element-cb3628e\" data-id=\"cb3628e\" data-element_type=\"column\">\n\t\t\t<div class=\"elementor-widget-wrap elementor-element-populated\">\n\t\t\t\t\t\t<div class=\"elementor-element elementor-element-fd1ba38 elementor-widget elementor-widget-google_maps\" data-id=\"fd1ba38\" data-element_type=\"widget\" data-widget_type=\"google_maps.default\">\n\t\t\t\t<div class=\"elementor-widget-container\">\n\t\t\t\t\t\t\t<div class=\"elementor-custom-embed\">\n\t\t\t<iframe loading=\"lazy\"\n\t\t\t\t\tsrc=\"https:\/\/maps.google.com\/maps?q=Santa%20casa%20da%20Miseric%C3%B3rdia%20de%20Seia&#038;t=m&#038;z=15&#038;output=embed&#038;iwloc=near\"\n\t\t\t\t\ttitle=\"Santa casa da Miseric\u00f3rdia de Seia\"\n\t\t\t\t\taria-label=\"Santa casa da Miseric\u00f3rdia de Seia\"\n\t\t\t><\/iframe>\n\t\t<\/div>\n\t\t\t\t\t\t<\/div>\n\t\t\t\t<\/div>\n\t\t\t\t\t<\/div>\n\t\t<\/div>\n\t\t\t\t\t<\/div>\n\t\t<\/section>\n\t\t\t\t<\/div>\n\t\t","protected":false},"excerpt":{"rendered":"<p>Contacte-nos Se tiver alguma d\u00favida, n\u00e3o hesite em enviar-nos uma mensagem.\u00a0 Estrutura Residencial para Pessoas Idosas Rua Nossa Senhora da Concei\u00e7\u00e3o, 6270-211- Folgosa do Salvador +351 238 310 080 * sad@misericordiadeseia.pt * Chamada para a rede fixa nacional Facebook Linkedin Instagram<\/p>\n","protected":false},"author":1,"featured_media":0,"parent":0,"menu_order":0,"comment_status":"closed","ping_status":"closed","template":"elementor_header_footer","meta":{"_acf_changed":false,"footnotes":""},"class_list":["post-59","page","type-page","status-publish","hentry"],"acf":[],"yoast_head":"<!-- This site is optimized with the Yoast SEO plugin v24.5 - https:\/\/yoast.com\/wordpress\/plugins\/seo\/ -->\n<title>Contactos - Miseric\u00f3rdia de Seia - SAD<\/title>\n<meta name=\"robots\" content=\"index, follow, max-snippet:-1, max-image-preview:large, max-video-preview:-1\" \/>\n<link rel=\"canonical\" href=\"https:\/\/misericordiadeseia.pt\/sad\/contactos\/\" \/>\n<meta property=\"og:locale\" content=\"pt_PT\" \/>\n<meta property=\"og:type\" content=\"article\" \/>\n<meta property=\"og:title\" content=\"Contactos - Miseric\u00f3rdia de Seia - SAD\" \/>\n<meta property=\"og:description\" content=\"Contacte-nos Se tiver alguma d\u00favida, n\u00e3o hesite em enviar-nos uma mensagem.\u00a0 Estrutura Residencial para Pessoas Idosas Rua Nossa Senhora da Concei\u00e7\u00e3o, 6270-211- Folgosa do Salvador +351 238 310 080 * sad@misericordiadeseia.pt * Chamada para a rede fixa nacional Facebook Linkedin Instagram\" \/>\n<meta property=\"og:url\" content=\"https:\/\/misericordiadeseia.pt\/sad\/contactos\/\" \/>\n<meta property=\"og:site_name\" content=\"Miseric\u00f3rdia de Seia - SAD\" \/>\n<meta property=\"article:modified_time\" content=\"2025-02-20T15:52:25+00:00\" \/>\n<meta property=\"og:image\" content=\"https:\/\/misericordiadeseia.pt\/sad\/wp-content\/uploads\/2021\/07\/icone-512x512-1.png\" \/>\n\t<meta property=\"og:image:width\" content=\"512\" \/>\n\t<meta property=\"og:image:height\" content=\"512\" \/>\n\t<meta property=\"og:image:type\" content=\"image\/png\" \/>\n<meta name=\"twitter:card\" content=\"summary_large_image\" \/>\n<meta name=\"twitter:label1\" content=\"Tempo estimado de leitura\" \/>\n\t<meta name=\"twitter:data1\" content=\"1 minuto\" \/>\n<script type=\"application\/ld+json\" class=\"yoast-schema-graph\">{\"@context\":\"https:\/\/schema.org\",\"@graph\":[{\"@type\":\"WebPage\",\"@id\":\"https:\/\/misericordiadeseia.pt\/sad\/contactos\/\",\"url\":\"https:\/\/misericordiadeseia.pt\/sad\/contactos\/\",\"name\":\"Contactos - Miseric\u00f3rdia de Seia - SAD\",\"isPartOf\":{\"@id\":\"https:\/\/misericordiadeseia.pt\/sad\/#website\"},\"primaryImageOfPage\":{\"@id\":\"https:\/\/misericordiadeseia.pt\/sad\/contactos\/#primaryimage\"},\"image\":{\"@id\":\"https:\/\/misericordiadeseia.pt\/sad\/contactos\/#primaryimage\"},\"thumbnailUrl\":\"https:\/\/misericordiadeseia.pt\/sad\/wp-content\/uploads\/2021\/07\/icone-512x512-1.png\",\"datePublished\":\"2021-07-19T16:20:57+00:00\",\"dateModified\":\"2025-02-20T15:52:25+00:00\",\"breadcrumb\":{\"@id\":\"https:\/\/misericordiadeseia.pt\/sad\/contactos\/#breadcrumb\"},\"inLanguage\":\"pt-PT\",\"potentialAction\":[{\"@type\":\"ReadAction\",\"target\":[\"https:\/\/misericordiadeseia.pt\/sad\/contactos\/\"]}]},{\"@type\":\"ImageObject\",\"inLanguage\":\"pt-PT\",\"@id\":\"https:\/\/misericordiadeseia.pt\/sad\/contactos\/#primaryimage\",\"url\":\"https:\/\/misericordiadeseia.pt\/sad\/wp-content\/uploads\/2021\/07\/icone-512x512-1.png\",\"contentUrl\":\"https:\/\/misericordiadeseia.pt\/sad\/wp-content\/uploads\/2021\/07\/icone-512x512-1.png\",\"width\":512,\"height\":512},{\"@type\":\"BreadcrumbList\",\"@id\":\"https:\/\/misericordiadeseia.pt\/sad\/contactos\/#breadcrumb\",\"itemListElement\":[{\"@type\":\"ListItem\",\"position\":1,\"name\":\"Home\",\"item\":\"https:\/\/misericordiadeseia.pt\/sad\/\"},{\"@type\":\"ListItem\",\"position\":2,\"name\":\"Contactos\"}]},{\"@type\":\"WebSite\",\"@id\":\"https:\/\/misericordiadeseia.pt\/sad\/#website\",\"url\":\"https:\/\/misericordiadeseia.pt\/sad\/\",\"name\":\"Miseric\u00f3rdia de Seia - SAD\",\"description\":\"Servi\u00e7o de Apoio Domicili\u00e1rio\",\"publisher\":{\"@id\":\"https:\/\/misericordiadeseia.pt\/sad\/#organization\"},\"potentialAction\":[{\"@type\":\"SearchAction\",\"target\":{\"@type\":\"EntryPoint\",\"urlTemplate\":\"https:\/\/misericordiadeseia.pt\/sad\/?s={search_term_string}\"},\"query-input\":{\"@type\":\"PropertyValueSpecification\",\"valueRequired\":true,\"valueName\":\"search_term_string\"}}],\"inLanguage\":\"pt-PT\"},{\"@type\":\"Organization\",\"@id\":\"https:\/\/misericordiadeseia.pt\/sad\/#organization\",\"name\":\"Miseric\u00f3rdia de Seia - SAD\",\"url\":\"https:\/\/misericordiadeseia.pt\/sad\/\",\"logo\":{\"@type\":\"ImageObject\",\"inLanguage\":\"pt-PT\",\"@id\":\"https:\/\/misericordiadeseia.pt\/sad\/#\/schema\/logo\/image\/\",\"url\":\"https:\/\/misericordiadeseia.pt\/sad\/wp-content\/uploads\/2021\/07\/logo-santa-casa-horizontal.jpg\",\"contentUrl\":\"https:\/\/misericordiadeseia.pt\/sad\/wp-content\/uploads\/2021\/07\/logo-santa-casa-horizontal.jpg\",\"width\":1646,\"height\":445,\"caption\":\"Miseric\u00f3rdia de Seia - SAD\"},\"image\":{\"@id\":\"https:\/\/misericordiadeseia.pt\/sad\/#\/schema\/logo\/image\/\"}}]}<\/script>\n<!-- \/ Yoast SEO plugin. -->","yoast_head_json":{"title":"Contactos - Miseric\u00f3rdia de Seia - SAD","robots":{"index":"index","follow":"follow","max-snippet":"max-snippet:-1","max-image-preview":"max-image-preview:large","max-video-preview":"max-video-preview:-1"},"canonical":"https:\/\/misericordiadeseia.pt\/sad\/contactos\/","og_locale":"pt_PT","og_type":"article","og_title":"Contactos - Miseric\u00f3rdia de Seia - SAD","og_description":"Contacte-nos Se tiver alguma d\u00favida, n\u00e3o hesite em enviar-nos uma mensagem.\u00a0 Estrutura Residencial para Pessoas Idosas Rua Nossa Senhora da Concei\u00e7\u00e3o, 6270-211- Folgosa do Salvador +351 238 310 080 * sad@misericordiadeseia.pt * Chamada para a rede fixa nacional Facebook Linkedin Instagram","og_url":"https:\/\/misericordiadeseia.pt\/sad\/contactos\/","og_site_name":"Miseric\u00f3rdia de Seia - SAD","article_modified_time":"2025-02-20T15:52:25+00:00","og_image":[{"width":512,"height":512,"url":"https:\/\/misericordiadeseia.pt\/sad\/wp-content\/uploads\/2021\/07\/icone-512x512-1.png","type":"image\/png"}],"twitter_card":"summary_large_image","twitter_misc":{"Tempo estimado de leitura":"1 minuto"},"schema":{"@context":"https:\/\/schema.org","@graph":[{"@type":"WebPage","@id":"https:\/\/misericordiadeseia.pt\/sad\/contactos\/","url":"https:\/\/misericordiadeseia.pt\/sad\/contactos\/","name":"Contactos - Miseric\u00f3rdia de Seia - SAD","isPartOf":{"@id":"https:\/\/misericordiadeseia.pt\/sad\/#website"},"primaryImageOfPage":{"@id":"https:\/\/misericordiadeseia.pt\/sad\/contactos\/#primaryimage"},"image":{"@id":"https:\/\/misericordiadeseia.pt\/sad\/contactos\/#primaryimage"},"thumbnailUrl":"https:\/\/misericordiadeseia.pt\/sad\/wp-content\/uploads\/2021\/07\/icone-512x512-1.png","datePublished":"2021-07-19T16:20:57+00:00","dateModified":"2025-02-20T15:52:25+00:00","breadcrumb":{"@id":"https:\/\/misericordiadeseia.pt\/sad\/contactos\/#breadcrumb"},"inLanguage":"pt-PT","potentialAction":[{"@type":"ReadAction","target":["https:\/\/misericordiadeseia.pt\/sad\/contactos\/"]}]},{"@type":"ImageObject","inLanguage":"pt-PT","@id":"https:\/\/misericordiadeseia.pt\/sad\/contactos\/#primaryimage","url":"https:\/\/misericordiadeseia.pt\/sad\/wp-content\/uploads\/2021\/07\/icone-512x512-1.png","contentUrl":"https:\/\/misericordiadeseia.pt\/sad\/wp-content\/uploads\/2021\/07\/icone-512x512-1.png","width":512,"height":512},{"@type":"BreadcrumbList","@id":"https:\/\/misericordiadeseia.pt\/sad\/contactos\/#breadcrumb","itemListElement":[{"@type":"ListItem","position":1,"name":"Home","item":"https:\/\/misericordiadeseia.pt\/sad\/"},{"@type":"ListItem","position":2,"name":"Contactos"}]},{"@type":"WebSite","@id":"https:\/\/misericordiadeseia.pt\/sad\/#website","url":"https:\/\/misericordiadeseia.pt\/sad\/","name":"Miseric\u00f3rdia de Seia - SAD","description":"Servi\u00e7o de Apoio Domicili\u00e1rio","publisher":{"@id":"https:\/\/misericordiadeseia.pt\/sad\/#organization"},"potentialAction":[{"@type":"SearchAction","target":{"@type":"EntryPoint","urlTemplate":"https:\/\/misericordiadeseia.pt\/sad\/?s={search_term_string}"},"query-input":{"@type":"PropertyValueSpecification","valueRequired":true,"valueName":"search_term_string"}}],"inLanguage":"pt-PT"},{"@type":"Organization","@id":"https:\/\/misericordiadeseia.pt\/sad\/#organization","name":"Miseric\u00f3rdia de Seia - SAD","url":"https:\/\/misericordiadeseia.pt\/sad\/","logo":{"@type":"ImageObject","inLanguage":"pt-PT","@id":"https:\/\/misericordiadeseia.pt\/sad\/#\/schema\/logo\/image\/","url":"https:\/\/misericordiadeseia.pt\/sad\/wp-content\/uploads\/2021\/07\/logo-santa-casa-horizontal.jpg","contentUrl":"https:\/\/misericordiadeseia.pt\/sad\/wp-content\/uploads\/2021\/07\/logo-santa-casa-horizontal.jpg","width":1646,"height":445,"caption":"Miseric\u00f3rdia de Seia - SAD"},"image":{"@id":"https:\/\/misericordiadeseia.pt\/sad\/#\/schema\/logo\/image\/"}}]}},"_links":{"self":[{"href":"https:\/\/misericordiadeseia.pt\/sad\/wp-json\/wp\/v2\/pages\/59","targetHints":{"allow":["GET"]}}],"collection":[{"href":"https:\/\/misericordiadeseia.pt\/sad\/wp-json\/wp\/v2\/pages"}],"about":[{"href":"https:\/\/misericordiadeseia.pt\/sad\/wp-json\/wp\/v2\/types\/page"}],"author":[{"embeddable":true,"href":"https:\/\/misericordiadeseia.pt\/sad\/wp-json\/wp\/v2\/users\/1"}],"replies":[{"embeddable":true,"href":"https:\/\/misericordiadeseia.pt\/sad\/wp-json\/wp\/v2\/comments?post=59"}],"version-history":[{"count":54,"href":"https:\/\/misericordiadeseia.pt\/sad\/wp-json\/wp\/v2\/pages\/59\/revisions"}],"predecessor-version":[{"id":1175,"href":"https:\/\/misericordiadeseia.pt\/sad\/wp-json\/wp\/v2\/pages\/59\/revisions\/1175"}],"wp:attachment":[{"href":"https:\/\/misericordiadeseia.pt\/sad\/wp-json\/wp\/v2\/media?parent=59"}],"curies":[{"name":"wp","href":"https:\/\/api.w.org\/{rel}","templated":true}]}}