{"id":108,"date":"2021-07-20T13:23:51","date_gmt":"2021-07-20T13:23:51","guid":{"rendered":"https:\/\/misericordiadeseia.pt\/sad\/?page_id=108"},"modified":"2022-01-19T18:15:35","modified_gmt":"2022-01-19T18:15:35","slug":"parcerias","status":"publish","type":"page","link":"https:\/\/misericordiadeseia.pt\/sad\/parcerias\/","title":{"rendered":"Parcerias"},"content":{"rendered":"\t\t<div data-elementor-type=\"wp-page\" data-elementor-id=\"108\" class=\"elementor elementor-108\" data-elementor-post-type=\"page\">\n\t\t\t\t\t\t<section class=\"elementor-section elementor-top-section elementor-element elementor-element-977272f elementor-section-boxed elementor-section-height-default elementor-section-height-default\" data-id=\"977272f\" data-element_type=\"section\" data-settings=\"{&quot;background_background&quot;:&quot;classic&quot;}\">\n\t\t\t\t\t\t<div class=\"elementor-container elementor-column-gap-default\">\n\t\t\t\t\t<div class=\"elementor-column elementor-col-100 elementor-top-column elementor-element elementor-element-861b8ea\" data-id=\"861b8ea\" data-element_type=\"column\">\n\t\t\t<div class=\"elementor-widget-wrap elementor-element-populated\">\n\t\t\t\t\t\t<div class=\"elementor-element elementor-element-5999bc9 elementor-widget elementor-widget-heading\" data-id=\"5999bc9\" data-element_type=\"widget\" data-widget_type=\"heading.default\">\n\t\t\t\t<div class=\"elementor-widget-container\">\n\t\t\t\t\t<h2 class=\"elementor-heading-title elementor-size-default\">Parcerias<\/h2>\t\t\t\t<\/div>\n\t\t\t\t<\/div>\n\t\t\t\t<div class=\"elementor-element elementor-element-bde9dac elementor-widget-divider--view-line elementor-widget elementor-widget-divider\" data-id=\"bde9dac\" data-element_type=\"widget\" data-widget_type=\"divider.default\">\n\t\t\t\t<div class=\"elementor-widget-container\">\n\t\t\t\t\t\t\t<div class=\"elementor-divider\">\n\t\t\t<span class=\"elementor-divider-separator\">\n\t\t\t\t\t\t<\/span>\n\t\t<\/div>\n\t\t\t\t\t\t<\/div>\n\t\t\t\t<\/div>\n\t\t\t\t\t<\/div>\n\t\t<\/div>\n\t\t\t\t\t<\/div>\n\t\t<\/section>\n\t\t\t\t<section class=\"elementor-section elementor-top-section elementor-element elementor-element-3e37873 elementor-section-boxed elementor-section-height-default elementor-section-height-default\" data-id=\"3e37873\" data-element_type=\"section\">\n\t\t\t\t\t\t<div class=\"elementor-container elementor-column-gap-default\">\n\t\t\t\t\t<div class=\"elementor-column elementor-col-100 elementor-top-column elementor-element elementor-element-55bc66d\" data-id=\"55bc66d\" data-element_type=\"column\">\n\t\t\t<div class=\"elementor-widget-wrap elementor-element-populated\">\n\t\t\t\t\t\t<div class=\"elementor-element elementor-element-d7129cd elementor-widget elementor-widget-spacer\" data-id=\"d7129cd\" data-element_type=\"widget\" data-widget_type=\"spacer.default\">\n\t\t\t\t<div class=\"elementor-widget-container\">\n\t\t\t\t\t\t\t<div class=\"elementor-spacer\">\n\t\t\t<div class=\"elementor-spacer-inner\"><\/div>\n\t\t<\/div>\n\t\t\t\t\t\t<\/div>\n\t\t\t\t<\/div>\n\t\t\t\t\t<\/div>\n\t\t<\/div>\n\t\t\t\t\t<\/div>\n\t\t<\/section>\n\t\t\t\t<section class=\"elementor-section elementor-top-section elementor-element elementor-element-5a40b04 elementor-section-boxed elementor-section-height-default elementor-section-height-default\" data-id=\"5a40b04\" data-element_type=\"section\">\n\t\t\t\t\t\t<div class=\"elementor-container elementor-column-gap-default\">\n\t\t\t\t\t<div class=\"elementor-column elementor-col-50 elementor-top-column elementor-element elementor-element-4a69950\" data-id=\"4a69950\" data-element_type=\"column\">\n\t\t\t<div class=\"elementor-widget-wrap elementor-element-populated\">\n\t\t\t\t\t\t<div class=\"elementor-element elementor-element-b5c3053 elementor-widget elementor-widget-heading\" data-id=\"b5c3053\" data-element_type=\"widget\" data-widget_type=\"heading.default\">\n\t\t\t\t<div class=\"elementor-widget-container\">\n\t\t\t\t\t<h2 class=\"elementor-heading-title elementor-size-default\">Servi\u00e7o de Teleassist\u00eancia<\/h2>\t\t\t\t<\/div>\n\t\t\t\t<\/div>\n\t\t\t\t<div class=\"elementor-element elementor-element-e0a433a elementor-widget-divider--view-line elementor-widget elementor-widget-divider\" data-id=\"e0a433a\" data-element_type=\"widget\" data-widget_type=\"divider.default\">\n\t\t\t\t<div class=\"elementor-widget-container\">\n\t\t\t\t\t\t\t<div class=\"elementor-divider\">\n\t\t\t<span class=\"elementor-divider-separator\">\n\t\t\t\t\t\t<\/span>\n\t\t<\/div>\n\t\t\t\t\t\t<\/div>\n\t\t\t\t<\/div>\n\t\t\t\t<div class=\"elementor-element elementor-element-fa9b052 elementor-widget elementor-widget-text-editor\" data-id=\"fa9b052\" data-element_type=\"widget\" data-widget_type=\"text-editor.default\">\n\t\t\t\t<div class=\"elementor-widget-container\">\n\t\t\t\t\t\t\t\t\t<p class=\"p1\">A Santa Casa da Miseric\u00f3rdia disp\u00f5e do servi\u00e7o de teleassist\u00eancia, atrav\u00e9s de uma parceria com a C\u00e2mara Municipal de Seia.<span class=\"Apple-converted-space\">\u00a0<\/span><\/p><p class=\"p1\">Trata-se de um servi\u00e7o telef\u00f3nico instalado no domic\u00edlio de cada pessoa para dar resposta individualizada a situa\u00e7\u00f5es de emerg\u00eancia, inseguran\u00e7a e\/ou solid\u00e3o.<span class=\"Apple-converted-space\">\u00a0<\/span><\/p><p class=\"p1\">O utente disp\u00f5e de um telem\u00f3vel ou rel\u00f3gio com um bot\u00e3o SOS que ao ser pressionado estabelece contacto com um call-center. Os operadores avaliam a situa\u00e7\u00e3o e procedem \u00e0 interven\u00e7\u00e3o, ativando, se necess\u00e1rio, os meios de socorro, contactam a rede familiar e\/ou de vizinhan\u00e7a, tal como a institui\u00e7\u00e3o.<span class=\"Apple-converted-space\">\u00a0<\/span><\/p>\t\t\t\t\t\t\t\t<\/div>\n\t\t\t\t<\/div>\n\t\t\t\t\t<\/div>\n\t\t<\/div>\n\t\t\t\t<div class=\"elementor-column elementor-col-50 elementor-top-column elementor-element elementor-element-324516b\" data-id=\"324516b\" data-element_type=\"column\">\n\t\t\t<div class=\"elementor-widget-wrap elementor-element-populated\">\n\t\t\t\t\t\t<div class=\"elementor-element elementor-element-a501cc0 elementor-widget elementor-widget-image\" data-id=\"a501cc0\" data-element_type=\"widget\" data-widget_type=\"image.default\">\n\t\t\t\t<div class=\"elementor-widget-container\">\n\t\t\t\t\t\t\t\t\t\t\t\t\t\t\t<img fetchpriority=\"high\" decoding=\"async\" width=\"198\" height=\"254\" src=\"https:\/\/misericordiadeseia.pt\/sad\/wp-content\/uploads\/2021\/07\/seia-logo.png\" class=\"attachment-large size-large wp-image-236\" alt=\"\" \/>\t\t\t\t\t\t\t\t\t\t\t\t\t\t\t<\/div>\n\t\t\t\t<\/div>\n\t\t\t\t\t<\/div>\n\t\t<\/div>\n\t\t\t\t\t<\/div>\n\t\t<\/section>\n\t\t\t\t<section class=\"elementor-section elementor-top-section elementor-element elementor-element-065b95e elementor-section-boxed elementor-section-height-default elementor-section-height-default\" data-id=\"065b95e\" data-element_type=\"section\">\n\t\t\t\t\t\t<div class=\"elementor-container elementor-column-gap-default\">\n\t\t\t\t\t<div class=\"elementor-column elementor-col-100 elementor-top-column elementor-element elementor-element-2a410f6\" data-id=\"2a410f6\" data-element_type=\"column\">\n\t\t\t<div class=\"elementor-widget-wrap elementor-element-populated\">\n\t\t\t\t\t\t<div class=\"elementor-element elementor-element-4be6134 elementor-widget elementor-widget-spacer\" data-id=\"4be6134\" data-element_type=\"widget\" data-widget_type=\"spacer.default\">\n\t\t\t\t<div class=\"elementor-widget-container\">\n\t\t\t\t\t\t\t<div class=\"elementor-spacer\">\n\t\t\t<div class=\"elementor-spacer-inner\"><\/div>\n\t\t<\/div>\n\t\t\t\t\t\t<\/div>\n\t\t\t\t<\/div>\n\t\t\t\t\t<\/div>\n\t\t<\/div>\n\t\t\t\t\t<\/div>\n\t\t<\/section>\n\t\t\t\t<section class=\"elementor-section elementor-top-section elementor-element elementor-element-b68f922 elementor-section-height-min-height elementor-section-boxed elementor-section-height-default elementor-section-items-middle\" data-id=\"b68f922\" data-element_type=\"section\" data-settings=\"{&quot;background_background&quot;:&quot;classic&quot;,&quot;background_motion_fx_motion_fx_scrolling&quot;:&quot;yes&quot;,&quot;background_motion_fx_translateY_effect&quot;:&quot;yes&quot;,&quot;background_motion_fx_translateY_speed&quot;:{&quot;unit&quot;:&quot;px&quot;,&quot;size&quot;:5,&quot;sizes&quot;:[]},&quot;background_motion_fx_translateY_affectedRange&quot;:{&quot;unit&quot;:&quot;%&quot;,&quot;size&quot;:&quot;&quot;,&quot;sizes&quot;:{&quot;start&quot;:0,&quot;end&quot;:100}},&quot;background_motion_fx_devices&quot;:[&quot;desktop&quot;,&quot;tablet&quot;,&quot;mobile&quot;]}\">\n\t\t\t\t\t\t<div class=\"elementor-container elementor-column-gap-default\">\n\t\t\t\t\t<div class=\"elementor-column elementor-col-100 elementor-top-column elementor-element elementor-element-d7c5f46\" data-id=\"d7c5f46\" data-element_type=\"column\">\n\t\t\t<div class=\"elementor-widget-wrap\">\n\t\t\t\t\t\t\t<\/div>\n\t\t<\/div>\n\t\t\t\t\t<\/div>\n\t\t<\/section>\n\t\t\t\t<section class=\"elementor-section elementor-top-section elementor-element elementor-element-ca73f57 elementor-section-height-min-height elementor-section-boxed elementor-section-height-default elementor-section-items-middle\" data-id=\"ca73f57\" data-element_type=\"section\" data-settings=\"{&quot;background_background&quot;:&quot;classic&quot;}\">\n\t\t\t\t\t\t<div class=\"elementor-container elementor-column-gap-default\">\n\t\t\t\t\t<div class=\"elementor-column elementor-col-50 elementor-top-column elementor-element elementor-element-a4d8fd8\" data-id=\"a4d8fd8\" data-element_type=\"column\">\n\t\t\t<div class=\"elementor-widget-wrap elementor-element-populated\">\n\t\t\t\t\t\t<div class=\"elementor-element elementor-element-12f274f elementor-widget elementor-widget-heading\" data-id=\"12f274f\" data-element_type=\"widget\" data-widget_type=\"heading.default\">\n\t\t\t\t<div class=\"elementor-widget-container\">\n\t\t\t\t\t<h2 class=\"elementor-heading-title elementor-size-default\">Tem d\u00favidas?<\/h2>\t\t\t\t<\/div>\n\t\t\t\t<\/div>\n\t\t\t\t<div class=\"elementor-element elementor-element-32e2dd0 elementor-widget elementor-widget-text-editor\" data-id=\"32e2dd0\" data-element_type=\"widget\" data-widget_type=\"text-editor.default\">\n\t\t\t\t<div class=\"elementor-widget-container\">\n\t\t\t\t\t\t\t\t\t<p>Estamos \u00e0 disposi\u00e7\u00e3o para responder a qualquer quest\u00e3o.<br \/>Fale connosco e diga-nos como podemos ajudar.<\/p>\t\t\t\t\t\t\t\t<\/div>\n\t\t\t\t<\/div>\n\t\t\t\t\t<\/div>\n\t\t<\/div>\n\t\t\t\t<div class=\"elementor-column elementor-col-50 elementor-top-column elementor-element elementor-element-b9b69b3\" data-id=\"b9b69b3\" data-element_type=\"column\">\n\t\t\t<div class=\"elementor-widget-wrap elementor-element-populated\">\n\t\t\t\t\t\t<div class=\"elementor-element elementor-element-e0d112d ligue-agora elementor-mobile-align-justify elementor-widget elementor-widget-button\" data-id=\"e0d112d\" data-element_type=\"widget\" data-widget_type=\"button.default\">\n\t\t\t\t<div class=\"elementor-widget-container\">\n\t\t\t\t\t\t\t\t\t<div class=\"elementor-button-wrapper\">\n\t\t\t\t\t<a class=\"elementor-button elementor-button-link elementor-size-sm\" href=\"tel:+351238310080\">\n\t\t\t\t\t\t<span class=\"elementor-button-content-wrapper\">\n\t\t\t\t\t\t<span class=\"elementor-button-icon\">\n\t\t\t\t<i aria-hidden=\"true\" class=\"fas fa-phone-volume\"><\/i>\t\t\t<\/span>\n\t\t\t\t\t\t\t\t\t<span class=\"elementor-button-text\">Ligue agora<\/span>\n\t\t\t\t\t<\/span>\n\t\t\t\t\t<\/a>\n\t\t\t\t<\/div>\n\t\t\t\t\t\t\t\t<\/div>\n\t\t\t\t<\/div>\n\t\t\t\t<div class=\"elementor-element elementor-element-e04daf7 elementor-mobile-align-justify elementor-widget elementor-widget-button\" data-id=\"e04daf7\" data-element_type=\"widget\" data-widget_type=\"button.default\">\n\t\t\t\t<div class=\"elementor-widget-container\">\n\t\t\t\t\t\t\t\t\t<div class=\"elementor-button-wrapper\">\n\t\t\t\t\t<a class=\"elementor-button elementor-button-link elementor-size-sm\" href=\"\/sad\/contactos\/\">\n\t\t\t\t\t\t<span class=\"elementor-button-content-wrapper\">\n\t\t\t\t\t\t<span class=\"elementor-button-icon\">\n\t\t\t\t<i aria-hidden=\"true\" class=\"far fa-envelope-open\"><\/i>\t\t\t<\/span>\n\t\t\t\t\t\t\t\t\t<span class=\"elementor-button-text\">Envie-nos uma mensagem<\/span>\n\t\t\t\t\t<\/span>\n\t\t\t\t\t<\/a>\n\t\t\t\t<\/div>\n\t\t\t\t\t\t\t\t<\/div>\n\t\t\t\t<\/div>\n\t\t\t\t\t<\/div>\n\t\t<\/div>\n\t\t\t\t\t<\/div>\n\t\t<\/section>\n\t\t\t\t<\/div>\n\t\t","protected":false},"excerpt":{"rendered":"<p>Parcerias Servi\u00e7o de Teleassist\u00eancia A Santa Casa da Miseric\u00f3rdia disp\u00f5e do servi\u00e7o de teleassist\u00eancia, atrav\u00e9s de uma parceria com a C\u00e2mara Municipal de Seia.\u00a0 Trata-se de um servi\u00e7o telef\u00f3nico instalado no domic\u00edlio de cada pessoa para dar resposta individualizada a situa\u00e7\u00f5es de emerg\u00eancia, inseguran\u00e7a e\/ou solid\u00e3o.\u00a0 O utente disp\u00f5e de um telem\u00f3vel ou rel\u00f3gio com [&hellip;]<\/p>\n","protected":false},"author":1,"featured_media":0,"parent":0,"menu_order":0,"comment_status":"closed","ping_status":"closed","template":"elementor_header_footer","meta":{"_acf_changed":false,"footnotes":""},"class_list":["post-108","page","type-page","status-publish","hentry"],"acf":[],"yoast_head":"<!-- This site is optimized with the Yoast SEO plugin v24.5 - https:\/\/yoast.com\/wordpress\/plugins\/seo\/ -->\n<title>Parcerias - Miseric\u00f3rdia de Seia - SAD<\/title>\n<meta name=\"robots\" content=\"index, follow, max-snippet:-1, max-image-preview:large, max-video-preview:-1\" \/>\n<link rel=\"canonical\" href=\"https:\/\/misericordiadeseia.pt\/sad\/parcerias\/\" \/>\n<meta property=\"og:locale\" content=\"pt_PT\" \/>\n<meta property=\"og:type\" content=\"article\" \/>\n<meta property=\"og:title\" content=\"Parcerias - Miseric\u00f3rdia de Seia - SAD\" \/>\n<meta property=\"og:description\" content=\"Parcerias Servi\u00e7o de Teleassist\u00eancia A Santa Casa da Miseric\u00f3rdia disp\u00f5e do servi\u00e7o de teleassist\u00eancia, atrav\u00e9s de uma parceria com a C\u00e2mara Municipal de Seia.\u00a0 Trata-se de um servi\u00e7o telef\u00f3nico instalado no domic\u00edlio de cada pessoa para dar resposta individualizada a situa\u00e7\u00f5es de emerg\u00eancia, inseguran\u00e7a e\/ou solid\u00e3o.\u00a0 O utente disp\u00f5e de um telem\u00f3vel ou rel\u00f3gio com [&hellip;]\" \/>\n<meta property=\"og:url\" content=\"https:\/\/misericordiadeseia.pt\/sad\/parcerias\/\" \/>\n<meta property=\"og:site_name\" content=\"Miseric\u00f3rdia de Seia - SAD\" \/>\n<meta property=\"article:modified_time\" content=\"2022-01-19T18:15:35+00:00\" \/>\n<meta property=\"og:image\" content=\"https:\/\/misericordiadeseia.pt\/sad\/wp-content\/uploads\/2021\/07\/seia-logo.png\" \/>\n<meta name=\"twitter:card\" content=\"summary_large_image\" \/>\n<meta name=\"twitter:label1\" content=\"Tempo estimado de leitura\" \/>\n\t<meta name=\"twitter:data1\" content=\"1 minuto\" \/>\n<script type=\"application\/ld+json\" class=\"yoast-schema-graph\">{\"@context\":\"https:\/\/schema.org\",\"@graph\":[{\"@type\":\"WebPage\",\"@id\":\"https:\/\/misericordiadeseia.pt\/sad\/parcerias\/\",\"url\":\"https:\/\/misericordiadeseia.pt\/sad\/parcerias\/\",\"name\":\"Parcerias - Miseric\u00f3rdia de Seia - SAD\",\"isPartOf\":{\"@id\":\"https:\/\/misericordiadeseia.pt\/sad\/#website\"},\"primaryImageOfPage\":{\"@id\":\"https:\/\/misericordiadeseia.pt\/sad\/parcerias\/#primaryimage\"},\"image\":{\"@id\":\"https:\/\/misericordiadeseia.pt\/sad\/parcerias\/#primaryimage\"},\"thumbnailUrl\":\"https:\/\/misericordiadeseia.pt\/sad\/wp-content\/uploads\/2021\/07\/seia-logo.png\",\"datePublished\":\"2021-07-20T13:23:51+00:00\",\"dateModified\":\"2022-01-19T18:15:35+00:00\",\"breadcrumb\":{\"@id\":\"https:\/\/misericordiadeseia.pt\/sad\/parcerias\/#breadcrumb\"},\"inLanguage\":\"pt-PT\",\"potentialAction\":[{\"@type\":\"ReadAction\",\"target\":[\"https:\/\/misericordiadeseia.pt\/sad\/parcerias\/\"]}]},{\"@type\":\"ImageObject\",\"inLanguage\":\"pt-PT\",\"@id\":\"https:\/\/misericordiadeseia.pt\/sad\/parcerias\/#primaryimage\",\"url\":\"https:\/\/misericordiadeseia.pt\/sad\/wp-content\/uploads\/2021\/07\/seia-logo.png\",\"contentUrl\":\"https:\/\/misericordiadeseia.pt\/sad\/wp-content\/uploads\/2021\/07\/seia-logo.png\",\"width\":198,\"height\":254},{\"@type\":\"BreadcrumbList\",\"@id\":\"https:\/\/misericordiadeseia.pt\/sad\/parcerias\/#breadcrumb\",\"itemListElement\":[{\"@type\":\"ListItem\",\"position\":1,\"name\":\"Home\",\"item\":\"https:\/\/misericordiadeseia.pt\/sad\/\"},{\"@type\":\"ListItem\",\"position\":2,\"name\":\"Parcerias\"}]},{\"@type\":\"WebSite\",\"@id\":\"https:\/\/misericordiadeseia.pt\/sad\/#website\",\"url\":\"https:\/\/misericordiadeseia.pt\/sad\/\",\"name\":\"Miseric\u00f3rdia de Seia - SAD\",\"description\":\"Servi\u00e7o de Apoio Domicili\u00e1rio\",\"publisher\":{\"@id\":\"https:\/\/misericordiadeseia.pt\/sad\/#organization\"},\"potentialAction\":[{\"@type\":\"SearchAction\",\"target\":{\"@type\":\"EntryPoint\",\"urlTemplate\":\"https:\/\/misericordiadeseia.pt\/sad\/?s={search_term_string}\"},\"query-input\":{\"@type\":\"PropertyValueSpecification\",\"valueRequired\":true,\"valueName\":\"search_term_string\"}}],\"inLanguage\":\"pt-PT\"},{\"@type\":\"Organization\",\"@id\":\"https:\/\/misericordiadeseia.pt\/sad\/#organization\",\"name\":\"Miseric\u00f3rdia de Seia - SAD\",\"url\":\"https:\/\/misericordiadeseia.pt\/sad\/\",\"logo\":{\"@type\":\"ImageObject\",\"inLanguage\":\"pt-PT\",\"@id\":\"https:\/\/misericordiadeseia.pt\/sad\/#\/schema\/logo\/image\/\",\"url\":\"https:\/\/misericordiadeseia.pt\/sad\/wp-content\/uploads\/2021\/07\/logo-santa-casa-horizontal.jpg\",\"contentUrl\":\"https:\/\/misericordiadeseia.pt\/sad\/wp-content\/uploads\/2021\/07\/logo-santa-casa-horizontal.jpg\",\"width\":1646,\"height\":445,\"caption\":\"Miseric\u00f3rdia de Seia - SAD\"},\"image\":{\"@id\":\"https:\/\/misericordiadeseia.pt\/sad\/#\/schema\/logo\/image\/\"}}]}<\/script>\n<!-- \/ Yoast SEO plugin. -->","yoast_head_json":{"title":"Parcerias - Miseric\u00f3rdia de Seia - SAD","robots":{"index":"index","follow":"follow","max-snippet":"max-snippet:-1","max-image-preview":"max-image-preview:large","max-video-preview":"max-video-preview:-1"},"canonical":"https:\/\/misericordiadeseia.pt\/sad\/parcerias\/","og_locale":"pt_PT","og_type":"article","og_title":"Parcerias - Miseric\u00f3rdia de Seia - SAD","og_description":"Parcerias Servi\u00e7o de Teleassist\u00eancia A Santa Casa da Miseric\u00f3rdia disp\u00f5e do servi\u00e7o de teleassist\u00eancia, atrav\u00e9s de uma parceria com a C\u00e2mara Municipal de Seia.\u00a0 Trata-se de um servi\u00e7o telef\u00f3nico instalado no domic\u00edlio de cada pessoa para dar resposta individualizada a situa\u00e7\u00f5es de emerg\u00eancia, inseguran\u00e7a e\/ou solid\u00e3o.\u00a0 O utente disp\u00f5e de um telem\u00f3vel ou rel\u00f3gio com [&hellip;]","og_url":"https:\/\/misericordiadeseia.pt\/sad\/parcerias\/","og_site_name":"Miseric\u00f3rdia de Seia - SAD","article_modified_time":"2022-01-19T18:15:35+00:00","og_image":[{"url":"https:\/\/misericordiadeseia.pt\/sad\/wp-content\/uploads\/2021\/07\/seia-logo.png","type":"","width":"","height":""}],"twitter_card":"summary_large_image","twitter_misc":{"Tempo estimado de leitura":"1 minuto"},"schema":{"@context":"https:\/\/schema.org","@graph":[{"@type":"WebPage","@id":"https:\/\/misericordiadeseia.pt\/sad\/parcerias\/","url":"https:\/\/misericordiadeseia.pt\/sad\/parcerias\/","name":"Parcerias - Miseric\u00f3rdia de Seia - SAD","isPartOf":{"@id":"https:\/\/misericordiadeseia.pt\/sad\/#website"},"primaryImageOfPage":{"@id":"https:\/\/misericordiadeseia.pt\/sad\/parcerias\/#primaryimage"},"image":{"@id":"https:\/\/misericordiadeseia.pt\/sad\/parcerias\/#primaryimage"},"thumbnailUrl":"https:\/\/misericordiadeseia.pt\/sad\/wp-content\/uploads\/2021\/07\/seia-logo.png","datePublished":"2021-07-20T13:23:51+00:00","dateModified":"2022-01-19T18:15:35+00:00","breadcrumb":{"@id":"https:\/\/misericordiadeseia.pt\/sad\/parcerias\/#breadcrumb"},"inLanguage":"pt-PT","potentialAction":[{"@type":"ReadAction","target":["https:\/\/misericordiadeseia.pt\/sad\/parcerias\/"]}]},{"@type":"ImageObject","inLanguage":"pt-PT","@id":"https:\/\/misericordiadeseia.pt\/sad\/parcerias\/#primaryimage","url":"https:\/\/misericordiadeseia.pt\/sad\/wp-content\/uploads\/2021\/07\/seia-logo.png","contentUrl":"https:\/\/misericordiadeseia.pt\/sad\/wp-content\/uploads\/2021\/07\/seia-logo.png","width":198,"height":254},{"@type":"BreadcrumbList","@id":"https:\/\/misericordiadeseia.pt\/sad\/parcerias\/#breadcrumb","itemListElement":[{"@type":"ListItem","position":1,"name":"Home","item":"https:\/\/misericordiadeseia.pt\/sad\/"},{"@type":"ListItem","position":2,"name":"Parcerias"}]},{"@type":"WebSite","@id":"https:\/\/misericordiadeseia.pt\/sad\/#website","url":"https:\/\/misericordiadeseia.pt\/sad\/","name":"Miseric\u00f3rdia de Seia - SAD","description":"Servi\u00e7o de Apoio Domicili\u00e1rio","publisher":{"@id":"https:\/\/misericordiadeseia.pt\/sad\/#organization"},"potentialAction":[{"@type":"SearchAction","target":{"@type":"EntryPoint","urlTemplate":"https:\/\/misericordiadeseia.pt\/sad\/?s={search_term_string}"},"query-input":{"@type":"PropertyValueSpecification","valueRequired":true,"valueName":"search_term_string"}}],"inLanguage":"pt-PT"},{"@type":"Organization","@id":"https:\/\/misericordiadeseia.pt\/sad\/#organization","name":"Miseric\u00f3rdia de Seia - SAD","url":"https:\/\/misericordiadeseia.pt\/sad\/","logo":{"@type":"ImageObject","inLanguage":"pt-PT","@id":"https:\/\/misericordiadeseia.pt\/sad\/#\/schema\/logo\/image\/","url":"https:\/\/misericordiadeseia.pt\/sad\/wp-content\/uploads\/2021\/07\/logo-santa-casa-horizontal.jpg","contentUrl":"https:\/\/misericordiadeseia.pt\/sad\/wp-content\/uploads\/2021\/07\/logo-santa-casa-horizontal.jpg","width":1646,"height":445,"caption":"Miseric\u00f3rdia de Seia - SAD"},"image":{"@id":"https:\/\/misericordiadeseia.pt\/sad\/#\/schema\/logo\/image\/"}}]}},"_links":{"self":[{"href":"https:\/\/misericordiadeseia.pt\/sad\/wp-json\/wp\/v2\/pages\/108","targetHints":{"allow":["GET"]}}],"collection":[{"href":"https:\/\/misericordiadeseia.pt\/sad\/wp-json\/wp\/v2\/pages"}],"about":[{"href":"https:\/\/misericordiadeseia.pt\/sad\/wp-json\/wp\/v2\/types\/page"}],"author":[{"embeddable":true,"href":"https:\/\/misericordiadeseia.pt\/sad\/wp-json\/wp\/v2\/users\/1"}],"replies":[{"embeddable":true,"href":"https:\/\/misericordiadeseia.pt\/sad\/wp-json\/wp\/v2\/comments?post=108"}],"version-history":[{"count":54,"href":"https:\/\/misericordiadeseia.pt\/sad\/wp-json\/wp\/v2\/pages\/108\/revisions"}],"predecessor-version":[{"id":1102,"href":"https:\/\/misericordiadeseia.pt\/sad\/wp-json\/wp\/v2\/pages\/108\/revisions\/1102"}],"wp:attachment":[{"href":"https:\/\/misericordiadeseia.pt\/sad\/wp-json\/wp\/v2\/media?parent=108"}],"curies":[{"name":"wp","href":"https:\/\/api.w.org\/{rel}","templated":true}]}}